{"id":1766,"date":"2023-03-24T11:38:37","date_gmt":"2023-03-24T10:38:37","guid":{"rendered":"https:\/\/www.tecnofil.net\/tutte-le-tipologie-di-imballo\/"},"modified":"2023-09-01T09:40:13","modified_gmt":"2023-09-01T08:40:13","slug":"emballage","status":"publish","type":"page","link":"https:\/\/www.tecnofil.net\/fr\/emballage\/","title":{"rendered":"Emballages standard et personnalisables"},"content":{"rendered":"<p>Pour assurer le <strong>maximum de versatilit\u00e9 et d&rsquo;efficacit\u00e9<\/strong>, Tecnofil livre ses produits sous <strong>emballage standard<\/strong> ou, sur demande, dans des conditionnements personnalis\u00e9s selon les exigences du client.<\/p>\n<p>Forte de son <strong>exp\u00e9rience dans le secteur<\/strong>, Tecnofil est en mesure de fournir un <strong>service personnalis\u00e9<\/strong> dans tous les domaines d&rsquo;application et pour les conditions d&#8217;emploi des produits les plus diverses.<\/p>\n","protected":false},"excerpt":{"rendered":"<p>Pour assurer le maximum de versatilit\u00e9 et d&rsquo;efficacit\u00e9, Tecnofil livre ses produits sous emballage standard ou, sur demande, dans des conditionnements personnalis\u00e9s selon les exigences du client. Forte de son exp\u00e9rience dans le secteur, Tecnofil est en mesure de fournir un service personnalis\u00e9 dans tous les domaines d&rsquo;application et pour les conditions d&#8217;emploi des produits [&hellip;]<\/p>\n","protected":false},"author":1,"featured_media":537,"parent":0,"menu_order":11,"comment_status":"closed","ping_status":"closed","template":"template-archive-imballaggio.php","meta":{"_acf_changed":false,"footnotes":""},"class_list":["post-1766","page","type-page","status-publish","has-post-thumbnail","hentry"],"acf":{"associazione_banner":"","titolo_filtri":"Recherchez l'emballage disponible pour nos produits","testo_banner_imballaggi":"Sur demande du client, nous pouvons offrir la personnalisation maximale des emballages et des sp\u00e9cifications du produit, en plus de d\u00e9livrer la certification en 10204 3.1","anchor":"Emballage","titolo":"Tous les types d'emballage","sottotitolo":""},"yoast_head":"<!-- This site is optimized with the Yoast SEO plugin v27.4 - https:\/\/yoast.com\/product\/yoast-seo-wordpress\/ -->\n<title>Tous les types d&#039;emballage propos\u00e9s personnalisables<\/title>\n<meta name=\"description\" content=\"Tecnofil propose pour ses fils m\u00e9talliques une diversit\u00e9 de syst\u00e8mes d&#039;emballage qui assurent une grande versatilit\u00e9 et une efficacit\u00e9.\" \/>\n<meta name=\"robots\" content=\"index, follow, max-snippet:-1, max-image-preview:large, max-video-preview:-1\" \/>\n<link rel=\"canonical\" href=\"https:\/\/www.tecnofil.net\/fr\/emballage\/\" \/>\n<meta property=\"og:locale\" content=\"fr_FR\" \/>\n<meta property=\"og:type\" content=\"article\" \/>\n<meta property=\"og:title\" content=\"Tous les types d&#039;emballage propos\u00e9s personnalisables\" \/>\n<meta property=\"og:description\" content=\"Tecnofil propose pour ses fils m\u00e9talliques une diversit\u00e9 de syst\u00e8mes d&#039;emballage qui assurent une grande versatilit\u00e9 et une efficacit\u00e9.\" \/>\n<meta property=\"og:url\" content=\"https:\/\/www.tecnofil.net\/fr\/emballage\/\" \/>\n<meta property=\"og:site_name\" content=\"Tecnofil\" \/>\n<meta property=\"article:modified_time\" content=\"2023-09-01T08:40:13+00:00\" \/>\n<meta property=\"og:image\" content=\"https:\/\/www.tecnofil.net\/wp-content\/uploads\/2023\/03\/MG_3256.jpg\" \/>\n\t<meta property=\"og:image:width\" content=\"1920\" \/>\n\t<meta property=\"og:image:height\" content=\"320\" \/>\n\t<meta property=\"og:image:type\" content=\"image\/jpeg\" \/>\n<meta name=\"twitter:card\" content=\"summary_large_image\" \/>\n<meta name=\"twitter:label1\" content=\"Dur\u00e9e de lecture estim\u00e9e\" \/>\n\t<meta name=\"twitter:data1\" content=\"1 minute\" \/>\n<script type=\"application\/ld+json\" class=\"yoast-schema-graph\">{\"@context\":\"https:\\\/\\\/schema.org\",\"@graph\":[{\"@type\":\"WebPage\",\"@id\":\"https:\\\/\\\/www.tecnofil.net\\\/fr\\\/emballage\\\/\",\"url\":\"https:\\\/\\\/www.tecnofil.net\\\/fr\\\/emballage\\\/\",\"name\":\"Tous les types d'emballage propos\u00e9s personnalisables\",\"isPartOf\":{\"@id\":\"https:\\\/\\\/www.tecnofil.net\\\/fr\\\/#website\"},\"primaryImageOfPage\":{\"@id\":\"https:\\\/\\\/www.tecnofil.net\\\/fr\\\/emballage\\\/#primaryimage\"},\"image\":{\"@id\":\"https:\\\/\\\/www.tecnofil.net\\\/fr\\\/emballage\\\/#primaryimage\"},\"thumbnailUrl\":\"https:\\\/\\\/www.tecnofil.net\\\/wp-content\\\/uploads\\\/2023\\\/03\\\/MG_3256.jpg\",\"datePublished\":\"2023-03-24T10:38:37+00:00\",\"dateModified\":\"2023-09-01T08:40:13+00:00\",\"description\":\"Tecnofil propose pour ses fils m\u00e9talliques une diversit\u00e9 de syst\u00e8mes d'emballage qui assurent une grande versatilit\u00e9 et une efficacit\u00e9.\",\"breadcrumb\":{\"@id\":\"https:\\\/\\\/www.tecnofil.net\\\/fr\\\/emballage\\\/#breadcrumb\"},\"inLanguage\":\"fr-FR\",\"potentialAction\":[{\"@type\":\"ReadAction\",\"target\":[\"https:\\\/\\\/www.tecnofil.net\\\/fr\\\/emballage\\\/\"]}]},{\"@type\":\"ImageObject\",\"inLanguage\":\"fr-FR\",\"@id\":\"https:\\\/\\\/www.tecnofil.net\\\/fr\\\/emballage\\\/#primaryimage\",\"url\":\"https:\\\/\\\/www.tecnofil.net\\\/wp-content\\\/uploads\\\/2023\\\/03\\\/MG_3256.jpg\",\"contentUrl\":\"https:\\\/\\\/www.tecnofil.net\\\/wp-content\\\/uploads\\\/2023\\\/03\\\/MG_3256.jpg\",\"width\":1920,\"height\":320},{\"@type\":\"BreadcrumbList\",\"@id\":\"https:\\\/\\\/www.tecnofil.net\\\/fr\\\/emballage\\\/#breadcrumb\",\"itemListElement\":[{\"@type\":\"ListItem\",\"position\":1,\"name\":\"Home\",\"item\":\"https:\\\/\\\/www.tecnofil.net\\\/fr\\\/\"},{\"@type\":\"ListItem\",\"position\":2,\"name\":\"Emballages standard et personnalisables\"}]},{\"@type\":\"WebSite\",\"@id\":\"https:\\\/\\\/www.tecnofil.net\\\/fr\\\/#website\",\"url\":\"https:\\\/\\\/www.tecnofil.net\\\/fr\\\/\",\"name\":\"Tecnofil\",\"description\":\"bizonweb\",\"potentialAction\":[{\"@type\":\"SearchAction\",\"target\":{\"@type\":\"EntryPoint\",\"urlTemplate\":\"https:\\\/\\\/www.tecnofil.net\\\/fr\\\/?s={search_term_string}\"},\"query-input\":{\"@type\":\"PropertyValueSpecification\",\"valueRequired\":true,\"valueName\":\"search_term_string\"}}],\"inLanguage\":\"fr-FR\"}]}<\/script>\n<!-- \/ Yoast SEO plugin. -->","yoast_head_json":{"title":"Tous les types d'emballage propos\u00e9s personnalisables","description":"Tecnofil propose pour ses fils m\u00e9talliques une diversit\u00e9 de syst\u00e8mes d'emballage qui assurent une grande versatilit\u00e9 et une efficacit\u00e9.","robots":{"index":"index","follow":"follow","max-snippet":"max-snippet:-1","max-image-preview":"max-image-preview:large","max-video-preview":"max-video-preview:-1"},"canonical":"https:\/\/www.tecnofil.net\/fr\/emballage\/","og_locale":"fr_FR","og_type":"article","og_title":"Tous les types d'emballage propos\u00e9s personnalisables","og_description":"Tecnofil propose pour ses fils m\u00e9talliques une diversit\u00e9 de syst\u00e8mes d'emballage qui assurent une grande versatilit\u00e9 et une efficacit\u00e9.","og_url":"https:\/\/www.tecnofil.net\/fr\/emballage\/","og_site_name":"Tecnofil","article_modified_time":"2023-09-01T08:40:13+00:00","og_image":[{"width":1920,"height":320,"url":"https:\/\/www.tecnofil.net\/wp-content\/uploads\/2023\/03\/MG_3256.jpg","type":"image\/jpeg"}],"twitter_card":"summary_large_image","twitter_misc":{"Dur\u00e9e de lecture estim\u00e9e":"1 minute"},"schema":{"@context":"https:\/\/schema.org","@graph":[{"@type":"WebPage","@id":"https:\/\/www.tecnofil.net\/fr\/emballage\/","url":"https:\/\/www.tecnofil.net\/fr\/emballage\/","name":"Tous les types d'emballage propos\u00e9s personnalisables","isPartOf":{"@id":"https:\/\/www.tecnofil.net\/fr\/#website"},"primaryImageOfPage":{"@id":"https:\/\/www.tecnofil.net\/fr\/emballage\/#primaryimage"},"image":{"@id":"https:\/\/www.tecnofil.net\/fr\/emballage\/#primaryimage"},"thumbnailUrl":"https:\/\/www.tecnofil.net\/wp-content\/uploads\/2023\/03\/MG_3256.jpg","datePublished":"2023-03-24T10:38:37+00:00","dateModified":"2023-09-01T08:40:13+00:00","description":"Tecnofil propose pour ses fils m\u00e9talliques une diversit\u00e9 de syst\u00e8mes d'emballage qui assurent une grande versatilit\u00e9 et une efficacit\u00e9.","breadcrumb":{"@id":"https:\/\/www.tecnofil.net\/fr\/emballage\/#breadcrumb"},"inLanguage":"fr-FR","potentialAction":[{"@type":"ReadAction","target":["https:\/\/www.tecnofil.net\/fr\/emballage\/"]}]},{"@type":"ImageObject","inLanguage":"fr-FR","@id":"https:\/\/www.tecnofil.net\/fr\/emballage\/#primaryimage","url":"https:\/\/www.tecnofil.net\/wp-content\/uploads\/2023\/03\/MG_3256.jpg","contentUrl":"https:\/\/www.tecnofil.net\/wp-content\/uploads\/2023\/03\/MG_3256.jpg","width":1920,"height":320},{"@type":"BreadcrumbList","@id":"https:\/\/www.tecnofil.net\/fr\/emballage\/#breadcrumb","itemListElement":[{"@type":"ListItem","position":1,"name":"Home","item":"https:\/\/www.tecnofil.net\/fr\/"},{"@type":"ListItem","position":2,"name":"Emballages standard et personnalisables"}]},{"@type":"WebSite","@id":"https:\/\/www.tecnofil.net\/fr\/#website","url":"https:\/\/www.tecnofil.net\/fr\/","name":"Tecnofil","description":"bizonweb","potentialAction":[{"@type":"SearchAction","target":{"@type":"EntryPoint","urlTemplate":"https:\/\/www.tecnofil.net\/fr\/?s={search_term_string}"},"query-input":{"@type":"PropertyValueSpecification","valueRequired":true,"valueName":"search_term_string"}}],"inLanguage":"fr-FR"}]}},"_links":{"self":[{"href":"https:\/\/www.tecnofil.net\/fr\/wp-json\/wp\/v2\/pages\/1766","targetHints":{"allow":["GET"]}}],"collection":[{"href":"https:\/\/www.tecnofil.net\/fr\/wp-json\/wp\/v2\/pages"}],"about":[{"href":"https:\/\/www.tecnofil.net\/fr\/wp-json\/wp\/v2\/types\/page"}],"author":[{"embeddable":true,"href":"https:\/\/www.tecnofil.net\/fr\/wp-json\/wp\/v2\/users\/1"}],"replies":[{"embeddable":true,"href":"https:\/\/www.tecnofil.net\/fr\/wp-json\/wp\/v2\/comments?post=1766"}],"version-history":[{"count":2,"href":"https:\/\/www.tecnofil.net\/fr\/wp-json\/wp\/v2\/pages\/1766\/revisions"}],"predecessor-version":[{"id":2601,"href":"https:\/\/www.tecnofil.net\/fr\/wp-json\/wp\/v2\/pages\/1766\/revisions\/2601"}],"wp:featuredmedia":[{"embeddable":true,"href":"https:\/\/www.tecnofil.net\/fr\/wp-json\/wp\/v2\/media\/537"}],"wp:attachment":[{"href":"https:\/\/www.tecnofil.net\/fr\/wp-json\/wp\/v2\/media?parent=1766"}],"curies":[{"name":"wp","href":"https:\/\/api.w.org\/{rel}","templated":true}]}}