{"id":1758,"date":"2023-03-24T11:38:37","date_gmt":"2023-03-24T10:38:37","guid":{"rendered":"https:\/\/www.tecnofil.net\/leader-nella-produzione-filo-metallico\/"},"modified":"2023-06-05T14:13:47","modified_gmt":"2023-06-05T13:13:47","slug":"production-fil-metallique","status":"publish","type":"page","link":"https:\/\/www.tecnofil.net\/fr\/production-fil-metallique\/","title":{"rendered":"Produits"},"content":{"rendered":"","protected":false},"excerpt":{"rendered":"","protected":false},"author":1,"featured_media":447,"parent":0,"menu_order":5,"comment_status":"closed","ping_status":"closed","template":"template-archive-prodotto.php","meta":{"_acf_changed":false,"footnotes":""},"class_list":["post-1758","page","type-page","status-publish","has-post-thumbnail","hentry"],"acf":{"titolo_filtri":"Cherchez le fil s'adaptant le mieux \u00e0 vos exigences","titolo_impieghi":"Principaux emplois","sottotitolo_impieghi":"Ci-dessous les principaux modes d'utilisation des fils m\u00e9talliques Tecnofil","anchor":"Produits","titolo":"","sottotitolo":"Leader dans la production fil m\u00e9tallique"},"yoast_head":"<!-- This site is optimized with the Yoast SEO plugin v27.3 - https:\/\/yoast.com\/product\/yoast-seo-wordpress\/ -->\n<title>Fil m\u00e9tallique \u00e0 faible et moyenne teneur en carbone<\/title>\n<meta name=\"description\" content=\"Tecnofil: leader dans la production de fil m\u00e9tallique, Tecnofil a pu porter sa capacit\u00e9 de production \u00e0 plus de 90.000 tonnes par an.\" \/>\n<meta name=\"robots\" content=\"index, follow, max-snippet:-1, max-image-preview:large, max-video-preview:-1\" \/>\n<link rel=\"canonical\" href=\"https:\/\/www.tecnofil.net\/fr\/production-fil-metallique\/\" \/>\n<meta property=\"og:locale\" content=\"fr_FR\" \/>\n<meta property=\"og:type\" content=\"article\" \/>\n<meta property=\"og:title\" content=\"Fil m\u00e9tallique \u00e0 faible et moyenne teneur en carbone\" \/>\n<meta property=\"og:description\" content=\"Tecnofil: leader dans la production de fil m\u00e9tallique, Tecnofil a pu porter sa capacit\u00e9 de production \u00e0 plus de 90.000 tonnes par an.\" \/>\n<meta property=\"og:url\" content=\"https:\/\/www.tecnofil.net\/fr\/production-fil-metallique\/\" \/>\n<meta property=\"og:site_name\" content=\"Tecnofil\" \/>\n<meta property=\"article:modified_time\" content=\"2023-06-05T13:13:47+00:00\" \/>\n<meta property=\"og:image\" content=\"https:\/\/www.tecnofil.net\/wp-content\/uploads\/2023\/03\/PUGNO-ALTA1.jpg\" \/>\n\t<meta property=\"og:image:width\" content=\"1920\" \/>\n\t<meta property=\"og:image:height\" content=\"320\" \/>\n\t<meta property=\"og:image:type\" content=\"image\/jpeg\" \/>\n<meta name=\"twitter:card\" content=\"summary_large_image\" \/>\n<script type=\"application\/ld+json\" class=\"yoast-schema-graph\">{\"@context\":\"https:\\\/\\\/schema.org\",\"@graph\":[{\"@type\":\"WebPage\",\"@id\":\"https:\\\/\\\/www.tecnofil.net\\\/fr\\\/production-fil-metallique\\\/\",\"url\":\"https:\\\/\\\/www.tecnofil.net\\\/fr\\\/production-fil-metallique\\\/\",\"name\":\"Fil m\u00e9tallique \u00e0 faible et moyenne teneur en carbone\",\"isPartOf\":{\"@id\":\"https:\\\/\\\/www.tecnofil.net\\\/fr\\\/#website\"},\"primaryImageOfPage\":{\"@id\":\"https:\\\/\\\/www.tecnofil.net\\\/fr\\\/production-fil-metallique\\\/#primaryimage\"},\"image\":{\"@id\":\"https:\\\/\\\/www.tecnofil.net\\\/fr\\\/production-fil-metallique\\\/#primaryimage\"},\"thumbnailUrl\":\"https:\\\/\\\/www.tecnofil.net\\\/wp-content\\\/uploads\\\/2023\\\/03\\\/PUGNO-ALTA1.jpg\",\"datePublished\":\"2023-03-24T10:38:37+00:00\",\"dateModified\":\"2023-06-05T13:13:47+00:00\",\"description\":\"Tecnofil: leader dans la production de fil m\u00e9tallique, Tecnofil a pu porter sa capacit\u00e9 de production \u00e0 plus de 90.000 tonnes par an.\",\"breadcrumb\":{\"@id\":\"https:\\\/\\\/www.tecnofil.net\\\/fr\\\/production-fil-metallique\\\/#breadcrumb\"},\"inLanguage\":\"fr-FR\",\"potentialAction\":[{\"@type\":\"ReadAction\",\"target\":[\"https:\\\/\\\/www.tecnofil.net\\\/fr\\\/production-fil-metallique\\\/\"]}]},{\"@type\":\"ImageObject\",\"inLanguage\":\"fr-FR\",\"@id\":\"https:\\\/\\\/www.tecnofil.net\\\/fr\\\/production-fil-metallique\\\/#primaryimage\",\"url\":\"https:\\\/\\\/www.tecnofil.net\\\/wp-content\\\/uploads\\\/2023\\\/03\\\/PUGNO-ALTA1.jpg\",\"contentUrl\":\"https:\\\/\\\/www.tecnofil.net\\\/wp-content\\\/uploads\\\/2023\\\/03\\\/PUGNO-ALTA1.jpg\",\"width\":1920,\"height\":320},{\"@type\":\"BreadcrumbList\",\"@id\":\"https:\\\/\\\/www.tecnofil.net\\\/fr\\\/production-fil-metallique\\\/#breadcrumb\",\"itemListElement\":[{\"@type\":\"ListItem\",\"position\":1,\"name\":\"Home\",\"item\":\"https:\\\/\\\/www.tecnofil.net\\\/fr\\\/\"},{\"@type\":\"ListItem\",\"position\":2,\"name\":\"Produits\"}]},{\"@type\":\"WebSite\",\"@id\":\"https:\\\/\\\/www.tecnofil.net\\\/fr\\\/#website\",\"url\":\"https:\\\/\\\/www.tecnofil.net\\\/fr\\\/\",\"name\":\"Tecnofil\",\"description\":\"bizonweb\",\"potentialAction\":[{\"@type\":\"SearchAction\",\"target\":{\"@type\":\"EntryPoint\",\"urlTemplate\":\"https:\\\/\\\/www.tecnofil.net\\\/fr\\\/?s={search_term_string}\"},\"query-input\":{\"@type\":\"PropertyValueSpecification\",\"valueRequired\":true,\"valueName\":\"search_term_string\"}}],\"inLanguage\":\"fr-FR\"}]}<\/script>\n<!-- \/ Yoast SEO plugin. -->","yoast_head_json":{"title":"Fil m\u00e9tallique \u00e0 faible et moyenne teneur en carbone","description":"Tecnofil: leader dans la production de fil m\u00e9tallique, Tecnofil a pu porter sa capacit\u00e9 de production \u00e0 plus de 90.000 tonnes par an.","robots":{"index":"index","follow":"follow","max-snippet":"max-snippet:-1","max-image-preview":"max-image-preview:large","max-video-preview":"max-video-preview:-1"},"canonical":"https:\/\/www.tecnofil.net\/fr\/production-fil-metallique\/","og_locale":"fr_FR","og_type":"article","og_title":"Fil m\u00e9tallique \u00e0 faible et moyenne teneur en carbone","og_description":"Tecnofil: leader dans la production de fil m\u00e9tallique, Tecnofil a pu porter sa capacit\u00e9 de production \u00e0 plus de 90.000 tonnes par an.","og_url":"https:\/\/www.tecnofil.net\/fr\/production-fil-metallique\/","og_site_name":"Tecnofil","article_modified_time":"2023-06-05T13:13:47+00:00","og_image":[{"width":1920,"height":320,"url":"https:\/\/www.tecnofil.net\/wp-content\/uploads\/2023\/03\/PUGNO-ALTA1.jpg","type":"image\/jpeg"}],"twitter_card":"summary_large_image","schema":{"@context":"https:\/\/schema.org","@graph":[{"@type":"WebPage","@id":"https:\/\/www.tecnofil.net\/fr\/production-fil-metallique\/","url":"https:\/\/www.tecnofil.net\/fr\/production-fil-metallique\/","name":"Fil m\u00e9tallique \u00e0 faible et moyenne teneur en carbone","isPartOf":{"@id":"https:\/\/www.tecnofil.net\/fr\/#website"},"primaryImageOfPage":{"@id":"https:\/\/www.tecnofil.net\/fr\/production-fil-metallique\/#primaryimage"},"image":{"@id":"https:\/\/www.tecnofil.net\/fr\/production-fil-metallique\/#primaryimage"},"thumbnailUrl":"https:\/\/www.tecnofil.net\/wp-content\/uploads\/2023\/03\/PUGNO-ALTA1.jpg","datePublished":"2023-03-24T10:38:37+00:00","dateModified":"2023-06-05T13:13:47+00:00","description":"Tecnofil: leader dans la production de fil m\u00e9tallique, Tecnofil a pu porter sa capacit\u00e9 de production \u00e0 plus de 90.000 tonnes par an.","breadcrumb":{"@id":"https:\/\/www.tecnofil.net\/fr\/production-fil-metallique\/#breadcrumb"},"inLanguage":"fr-FR","potentialAction":[{"@type":"ReadAction","target":["https:\/\/www.tecnofil.net\/fr\/production-fil-metallique\/"]}]},{"@type":"ImageObject","inLanguage":"fr-FR","@id":"https:\/\/www.tecnofil.net\/fr\/production-fil-metallique\/#primaryimage","url":"https:\/\/www.tecnofil.net\/wp-content\/uploads\/2023\/03\/PUGNO-ALTA1.jpg","contentUrl":"https:\/\/www.tecnofil.net\/wp-content\/uploads\/2023\/03\/PUGNO-ALTA1.jpg","width":1920,"height":320},{"@type":"BreadcrumbList","@id":"https:\/\/www.tecnofil.net\/fr\/production-fil-metallique\/#breadcrumb","itemListElement":[{"@type":"ListItem","position":1,"name":"Home","item":"https:\/\/www.tecnofil.net\/fr\/"},{"@type":"ListItem","position":2,"name":"Produits"}]},{"@type":"WebSite","@id":"https:\/\/www.tecnofil.net\/fr\/#website","url":"https:\/\/www.tecnofil.net\/fr\/","name":"Tecnofil","description":"bizonweb","potentialAction":[{"@type":"SearchAction","target":{"@type":"EntryPoint","urlTemplate":"https:\/\/www.tecnofil.net\/fr\/?s={search_term_string}"},"query-input":{"@type":"PropertyValueSpecification","valueRequired":true,"valueName":"search_term_string"}}],"inLanguage":"fr-FR"}]}},"_links":{"self":[{"href":"https:\/\/www.tecnofil.net\/fr\/wp-json\/wp\/v2\/pages\/1758","targetHints":{"allow":["GET"]}}],"collection":[{"href":"https:\/\/www.tecnofil.net\/fr\/wp-json\/wp\/v2\/pages"}],"about":[{"href":"https:\/\/www.tecnofil.net\/fr\/wp-json\/wp\/v2\/types\/page"}],"author":[{"embeddable":true,"href":"https:\/\/www.tecnofil.net\/fr\/wp-json\/wp\/v2\/users\/1"}],"replies":[{"embeddable":true,"href":"https:\/\/www.tecnofil.net\/fr\/wp-json\/wp\/v2\/comments?post=1758"}],"version-history":[{"count":1,"href":"https:\/\/www.tecnofil.net\/fr\/wp-json\/wp\/v2\/pages\/1758\/revisions"}],"predecessor-version":[{"id":1762,"href":"https:\/\/www.tecnofil.net\/fr\/wp-json\/wp\/v2\/pages\/1758\/revisions\/1762"}],"wp:featuredmedia":[{"embeddable":true,"href":"https:\/\/www.tecnofil.net\/fr\/wp-json\/wp\/v2\/media\/447"}],"wp:attachment":[{"href":"https:\/\/www.tecnofil.net\/fr\/wp-json\/wp\/v2\/media?parent=1758"}],"curies":[{"name":"wp","href":"https:\/\/api.w.org\/{rel}","templated":true}]}}