{"id":1558,"date":"2023-03-24T11:53:56","date_gmt":"2023-03-24T10:53:56","guid":{"rendered":"https:\/\/www.tecnofil.net\/filo-di-ferro-per-costruzioni\/"},"modified":"2023-09-01T09:20:13","modified_gmt":"2023-09-01T08:20:13","slug":"fil-metallique-pour-construction","status":"publish","type":"page","link":"https:\/\/www.tecnofil.net\/fr\/fil-metallique-pour-construction\/","title":{"rendered":"Fil m\u00e9tallique pour construction"},"content":{"rendered":"","protected":false},"excerpt":{"rendered":"","protected":false},"author":1,"featured_media":480,"parent":0,"menu_order":6,"comment_status":"closed","ping_status":"closed","template":"template-single-impiego.php","meta":{"_acf_changed":false,"footnotes":""},"class_list":["post-1558","page","type-page","status-publish","has-post-thumbnail","hentry"],"acf":{"associazione_banner":1636,"associazione_impieghi":[1243,1251,1257,1264,1271,1280,1287,1295,1303,1309,1317,1327],"anchor":"Fil pour b\u00e2timent","titolo":"Fil m\u00e9tallique pour construction","sottotitolo":"Les principaux emplois du fil m\u00e9tallique pour construction dans l'industrie du b\u00e2timent"},"yoast_head":"<!-- This site is optimized with the Yoast SEO plugin v27.3 - https:\/\/yoast.com\/product\/yoast-seo-wordpress\/ -->\n<title>Les principaux emplois du fil m\u00e9tallique pour construction<\/title>\n<meta name=\"description\" content=\"Tecnofil fabrique de nombreux types de fil m\u00e9tallique pour construction et le b\u00e2timent. Nous sommes en mesure de r\u00e9pondre \u00e0 toutes les attentes\" \/>\n<meta name=\"robots\" content=\"index, follow, max-snippet:-1, max-image-preview:large, max-video-preview:-1\" \/>\n<link rel=\"canonical\" href=\"https:\/\/www.tecnofil.net\/fr\/fil-metallique-pour-construction\/\" \/>\n<meta property=\"og:locale\" content=\"fr_FR\" \/>\n<meta property=\"og:type\" content=\"article\" \/>\n<meta property=\"og:title\" content=\"Les principaux emplois du fil m\u00e9tallique pour construction\" \/>\n<meta property=\"og:description\" content=\"Tecnofil fabrique de nombreux types de fil m\u00e9tallique pour construction et le b\u00e2timent. Nous sommes en mesure de r\u00e9pondre \u00e0 toutes les attentes\" \/>\n<meta property=\"og:url\" content=\"https:\/\/www.tecnofil.net\/fr\/fil-metallique-pour-construction\/\" \/>\n<meta property=\"og:site_name\" content=\"Tecnofil\" \/>\n<meta property=\"article:modified_time\" content=\"2023-09-01T08:20:13+00:00\" \/>\n<meta property=\"og:image\" content=\"https:\/\/www.tecnofil.net\/wp-content\/uploads\/2023\/03\/iStock-524722862.jpg\" \/>\n\t<meta property=\"og:image:width\" content=\"1920\" \/>\n\t<meta property=\"og:image:height\" content=\"1280\" \/>\n\t<meta property=\"og:image:type\" content=\"image\/jpeg\" \/>\n<meta name=\"twitter:card\" content=\"summary_large_image\" \/>\n<script type=\"application\/ld+json\" class=\"yoast-schema-graph\">{\"@context\":\"https:\\\/\\\/schema.org\",\"@graph\":[{\"@type\":\"WebPage\",\"@id\":\"https:\\\/\\\/www.tecnofil.net\\\/fr\\\/fil-metallique-pour-construction\\\/\",\"url\":\"https:\\\/\\\/www.tecnofil.net\\\/fr\\\/fil-metallique-pour-construction\\\/\",\"name\":\"Les principaux emplois du fil m\u00e9tallique pour construction\",\"isPartOf\":{\"@id\":\"https:\\\/\\\/www.tecnofil.net\\\/fr\\\/#website\"},\"primaryImageOfPage\":{\"@id\":\"https:\\\/\\\/www.tecnofil.net\\\/fr\\\/fil-metallique-pour-construction\\\/#primaryimage\"},\"image\":{\"@id\":\"https:\\\/\\\/www.tecnofil.net\\\/fr\\\/fil-metallique-pour-construction\\\/#primaryimage\"},\"thumbnailUrl\":\"https:\\\/\\\/www.tecnofil.net\\\/wp-content\\\/uploads\\\/2023\\\/03\\\/iStock-524722862.jpg\",\"datePublished\":\"2023-03-24T10:53:56+00:00\",\"dateModified\":\"2023-09-01T08:20:13+00:00\",\"description\":\"Tecnofil fabrique de nombreux types de fil m\u00e9tallique pour construction et le b\u00e2timent. Nous sommes en mesure de r\u00e9pondre \u00e0 toutes les attentes\",\"breadcrumb\":{\"@id\":\"https:\\\/\\\/www.tecnofil.net\\\/fr\\\/fil-metallique-pour-construction\\\/#breadcrumb\"},\"inLanguage\":\"fr-FR\",\"potentialAction\":[{\"@type\":\"ReadAction\",\"target\":[\"https:\\\/\\\/www.tecnofil.net\\\/fr\\\/fil-metallique-pour-construction\\\/\"]}]},{\"@type\":\"ImageObject\",\"inLanguage\":\"fr-FR\",\"@id\":\"https:\\\/\\\/www.tecnofil.net\\\/fr\\\/fil-metallique-pour-construction\\\/#primaryimage\",\"url\":\"https:\\\/\\\/www.tecnofil.net\\\/wp-content\\\/uploads\\\/2023\\\/03\\\/iStock-524722862.jpg\",\"contentUrl\":\"https:\\\/\\\/www.tecnofil.net\\\/wp-content\\\/uploads\\\/2023\\\/03\\\/iStock-524722862.jpg\",\"width\":1920,\"height\":1280,\"caption\":\"Cropped, close-up of a fluffy, wet paint roller is hanging over the side of a paint bucket so paint drips into the bucket instead of all over the floor.\"},{\"@type\":\"BreadcrumbList\",\"@id\":\"https:\\\/\\\/www.tecnofil.net\\\/fr\\\/fil-metallique-pour-construction\\\/#breadcrumb\",\"itemListElement\":[{\"@type\":\"ListItem\",\"position\":1,\"name\":\"Home\",\"item\":\"https:\\\/\\\/www.tecnofil.net\\\/fr\\\/\"},{\"@type\":\"ListItem\",\"position\":2,\"name\":\"Fil m\u00e9tallique pour construction\"}]},{\"@type\":\"WebSite\",\"@id\":\"https:\\\/\\\/www.tecnofil.net\\\/fr\\\/#website\",\"url\":\"https:\\\/\\\/www.tecnofil.net\\\/fr\\\/\",\"name\":\"Tecnofil\",\"description\":\"bizonweb\",\"potentialAction\":[{\"@type\":\"SearchAction\",\"target\":{\"@type\":\"EntryPoint\",\"urlTemplate\":\"https:\\\/\\\/www.tecnofil.net\\\/fr\\\/?s={search_term_string}\"},\"query-input\":{\"@type\":\"PropertyValueSpecification\",\"valueRequired\":true,\"valueName\":\"search_term_string\"}}],\"inLanguage\":\"fr-FR\"}]}<\/script>\n<!-- \/ Yoast SEO plugin. -->","yoast_head_json":{"title":"Les principaux emplois du fil m\u00e9tallique pour construction","description":"Tecnofil fabrique de nombreux types de fil m\u00e9tallique pour construction et le b\u00e2timent. Nous sommes en mesure de r\u00e9pondre \u00e0 toutes les attentes","robots":{"index":"index","follow":"follow","max-snippet":"max-snippet:-1","max-image-preview":"max-image-preview:large","max-video-preview":"max-video-preview:-1"},"canonical":"https:\/\/www.tecnofil.net\/fr\/fil-metallique-pour-construction\/","og_locale":"fr_FR","og_type":"article","og_title":"Les principaux emplois du fil m\u00e9tallique pour construction","og_description":"Tecnofil fabrique de nombreux types de fil m\u00e9tallique pour construction et le b\u00e2timent. Nous sommes en mesure de r\u00e9pondre \u00e0 toutes les attentes","og_url":"https:\/\/www.tecnofil.net\/fr\/fil-metallique-pour-construction\/","og_site_name":"Tecnofil","article_modified_time":"2023-09-01T08:20:13+00:00","og_image":[{"width":1920,"height":1280,"url":"https:\/\/www.tecnofil.net\/wp-content\/uploads\/2023\/03\/iStock-524722862.jpg","type":"image\/jpeg"}],"twitter_card":"summary_large_image","schema":{"@context":"https:\/\/schema.org","@graph":[{"@type":"WebPage","@id":"https:\/\/www.tecnofil.net\/fr\/fil-metallique-pour-construction\/","url":"https:\/\/www.tecnofil.net\/fr\/fil-metallique-pour-construction\/","name":"Les principaux emplois du fil m\u00e9tallique pour construction","isPartOf":{"@id":"https:\/\/www.tecnofil.net\/fr\/#website"},"primaryImageOfPage":{"@id":"https:\/\/www.tecnofil.net\/fr\/fil-metallique-pour-construction\/#primaryimage"},"image":{"@id":"https:\/\/www.tecnofil.net\/fr\/fil-metallique-pour-construction\/#primaryimage"},"thumbnailUrl":"https:\/\/www.tecnofil.net\/wp-content\/uploads\/2023\/03\/iStock-524722862.jpg","datePublished":"2023-03-24T10:53:56+00:00","dateModified":"2023-09-01T08:20:13+00:00","description":"Tecnofil fabrique de nombreux types de fil m\u00e9tallique pour construction et le b\u00e2timent. Nous sommes en mesure de r\u00e9pondre \u00e0 toutes les attentes","breadcrumb":{"@id":"https:\/\/www.tecnofil.net\/fr\/fil-metallique-pour-construction\/#breadcrumb"},"inLanguage":"fr-FR","potentialAction":[{"@type":"ReadAction","target":["https:\/\/www.tecnofil.net\/fr\/fil-metallique-pour-construction\/"]}]},{"@type":"ImageObject","inLanguage":"fr-FR","@id":"https:\/\/www.tecnofil.net\/fr\/fil-metallique-pour-construction\/#primaryimage","url":"https:\/\/www.tecnofil.net\/wp-content\/uploads\/2023\/03\/iStock-524722862.jpg","contentUrl":"https:\/\/www.tecnofil.net\/wp-content\/uploads\/2023\/03\/iStock-524722862.jpg","width":1920,"height":1280,"caption":"Cropped, close-up of a fluffy, wet paint roller is hanging over the side of a paint bucket so paint drips into the bucket instead of all over the floor."},{"@type":"BreadcrumbList","@id":"https:\/\/www.tecnofil.net\/fr\/fil-metallique-pour-construction\/#breadcrumb","itemListElement":[{"@type":"ListItem","position":1,"name":"Home","item":"https:\/\/www.tecnofil.net\/fr\/"},{"@type":"ListItem","position":2,"name":"Fil m\u00e9tallique pour construction"}]},{"@type":"WebSite","@id":"https:\/\/www.tecnofil.net\/fr\/#website","url":"https:\/\/www.tecnofil.net\/fr\/","name":"Tecnofil","description":"bizonweb","potentialAction":[{"@type":"SearchAction","target":{"@type":"EntryPoint","urlTemplate":"https:\/\/www.tecnofil.net\/fr\/?s={search_term_string}"},"query-input":{"@type":"PropertyValueSpecification","valueRequired":true,"valueName":"search_term_string"}}],"inLanguage":"fr-FR"}]}},"_links":{"self":[{"href":"https:\/\/www.tecnofil.net\/fr\/wp-json\/wp\/v2\/pages\/1558","targetHints":{"allow":["GET"]}}],"collection":[{"href":"https:\/\/www.tecnofil.net\/fr\/wp-json\/wp\/v2\/pages"}],"about":[{"href":"https:\/\/www.tecnofil.net\/fr\/wp-json\/wp\/v2\/types\/page"}],"author":[{"embeddable":true,"href":"https:\/\/www.tecnofil.net\/fr\/wp-json\/wp\/v2\/users\/1"}],"replies":[{"embeddable":true,"href":"https:\/\/www.tecnofil.net\/fr\/wp-json\/wp\/v2\/comments?post=1558"}],"version-history":[{"count":4,"href":"https:\/\/www.tecnofil.net\/fr\/wp-json\/wp\/v2\/pages\/1558\/revisions"}],"predecessor-version":[{"id":2594,"href":"https:\/\/www.tecnofil.net\/fr\/wp-json\/wp\/v2\/pages\/1558\/revisions\/2594"}],"acf:post":[{"embeddable":true,"href":"https:\/\/www.tecnofil.net\/fr\/wp-json\/wp\/v2\/impiego\/1327"},{"embeddable":true,"href":"https:\/\/www.tecnofil.net\/fr\/wp-json\/wp\/v2\/impiego\/1317"},{"embeddable":true,"href":"https:\/\/www.tecnofil.net\/fr\/wp-json\/wp\/v2\/impiego\/1309"},{"embeddable":true,"href":"https:\/\/www.tecnofil.net\/fr\/wp-json\/wp\/v2\/impiego\/1303"},{"embeddable":true,"href":"https:\/\/www.tecnofil.net\/fr\/wp-json\/wp\/v2\/impiego\/1295"},{"embeddable":true,"href":"https:\/\/www.tecnofil.net\/fr\/wp-json\/wp\/v2\/impiego\/1287"},{"embeddable":true,"href":"https:\/\/www.tecnofil.net\/fr\/wp-json\/wp\/v2\/impiego\/1280"},{"embeddable":true,"href":"https:\/\/www.tecnofil.net\/fr\/wp-json\/wp\/v2\/impiego\/1271"},{"embeddable":true,"href":"https:\/\/www.tecnofil.net\/fr\/wp-json\/wp\/v2\/impiego\/1264"},{"embeddable":true,"href":"https:\/\/www.tecnofil.net\/fr\/wp-json\/wp\/v2\/impiego\/1257"},{"embeddable":true,"href":"https:\/\/www.tecnofil.net\/fr\/wp-json\/wp\/v2\/impiego\/1251"},{"embeddable":true,"href":"https:\/\/www.tecnofil.net\/fr\/wp-json\/wp\/v2\/impiego\/1243"},{"embeddable":true,"href":"https:\/\/www.tecnofil.net\/fr\/wp-json\/wp\/v2\/banner\/1636"}],"wp:featuredmedia":[{"embeddable":true,"href":"https:\/\/www.tecnofil.net\/fr\/wp-json\/wp\/v2\/media\/480"}],"wp:attachment":[{"href":"https:\/\/www.tecnofil.net\/fr\/wp-json\/wp\/v2\/media?parent=1558"}],"curies":[{"name":"wp","href":"https:\/\/api.w.org\/{rel}","templated":true}]}}