{"id":1777,"date":"2023-03-24T11:38:37","date_gmt":"2023-03-24T10:38:37","guid":{"rendered":"https:\/\/www.tecnofil.net\/le-novita-di-tecnofil\/"},"modified":"2024-04-03T11:43:54","modified_gmt":"2024-04-03T10:43:54","slug":"news-y-ferias","status":"publish","type":"page","link":"https:\/\/www.tecnofil.net\/es\/news-y-ferias\/","title":{"rendered":"Todas las ferias y las \u00faltimas novedades del mundo Tecnofil"},"content":{"rendered":"","protected":false},"excerpt":{"rendered":"","protected":false},"author":1,"featured_media":548,"parent":0,"menu_order":12,"comment_status":"closed","ping_status":"closed","template":"template-archive-news.php","meta":{"_acf_changed":false,"footnotes":""},"class_list":["post-1777","page","type-page","status-publish","has-post-thumbnail","hentry"],"acf":{"anchor":"News y ferias","titolo":"Las novedades de Tecnofil","sottotitolo":""},"yoast_head":"<!-- This site is optimized with the Yoast SEO plugin v27.3 - https:\/\/yoast.com\/product\/yoast-seo-wordpress\/ -->\n<title>Todas las ferias y las \u00faltimas novedades del mundo Tecnofil<\/title>\n<meta name=\"description\" content=\"Secci\u00f3n por encontrar\u00e1 todas las novedades futuras y pasadas, as\u00ed como las ferias en las que podr\u00e1 conocer las numerosas soluciones que podemos ofrecer.\" \/>\n<meta name=\"robots\" content=\"index, follow, max-snippet:-1, max-image-preview:large, max-video-preview:-1\" \/>\n<link rel=\"canonical\" href=\"https:\/\/www.tecnofil.net\/es\/news-y-ferias\/\" \/>\n<meta property=\"og:locale\" content=\"es_ES\" \/>\n<meta property=\"og:type\" content=\"article\" \/>\n<meta property=\"og:title\" content=\"Todas las ferias y las \u00faltimas novedades del mundo Tecnofil\" \/>\n<meta property=\"og:description\" content=\"Secci\u00f3n por encontrar\u00e1 todas las novedades futuras y pasadas, as\u00ed como las ferias en las que podr\u00e1 conocer las numerosas soluciones que podemos ofrecer.\" \/>\n<meta property=\"og:url\" content=\"https:\/\/www.tecnofil.net\/es\/news-y-ferias\/\" \/>\n<meta property=\"og:site_name\" content=\"Tecnofil\" \/>\n<meta property=\"article:modified_time\" content=\"2024-04-03T10:43:54+00:00\" \/>\n<meta property=\"og:image\" content=\"https:\/\/www.tecnofil.net\/wp-content\/uploads\/2023\/03\/GIL095.jpg\" \/>\n\t<meta property=\"og:image:width\" content=\"1920\" \/>\n\t<meta property=\"og:image:height\" content=\"320\" \/>\n\t<meta property=\"og:image:type\" content=\"image\/jpeg\" \/>\n<meta name=\"twitter:card\" content=\"summary_large_image\" \/>\n<meta name=\"twitter:label1\" content=\"Tiempo de lectura\" \/>\n\t<meta name=\"twitter:data1\" content=\"1 minuto\" \/>\n<script type=\"application\/ld+json\" class=\"yoast-schema-graph\">{\"@context\":\"https:\\\/\\\/schema.org\",\"@graph\":[{\"@type\":\"WebPage\",\"@id\":\"https:\\\/\\\/www.tecnofil.net\\\/es\\\/news-y-ferias\\\/\",\"url\":\"https:\\\/\\\/www.tecnofil.net\\\/es\\\/news-y-ferias\\\/\",\"name\":\"Todas las ferias y las \u00faltimas novedades del mundo Tecnofil\",\"isPartOf\":{\"@id\":\"https:\\\/\\\/www.tecnofil.net\\\/es\\\/#website\"},\"primaryImageOfPage\":{\"@id\":\"https:\\\/\\\/www.tecnofil.net\\\/es\\\/news-y-ferias\\\/#primaryimage\"},\"image\":{\"@id\":\"https:\\\/\\\/www.tecnofil.net\\\/es\\\/news-y-ferias\\\/#primaryimage\"},\"thumbnailUrl\":\"https:\\\/\\\/www.tecnofil.net\\\/wp-content\\\/uploads\\\/2023\\\/03\\\/GIL095.jpg\",\"datePublished\":\"2023-03-24T10:38:37+00:00\",\"dateModified\":\"2024-04-03T10:43:54+00:00\",\"description\":\"Secci\u00f3n por encontrar\u00e1 todas las novedades futuras y pasadas, as\u00ed como las ferias en las que podr\u00e1 conocer las numerosas soluciones que podemos ofrecer.\",\"breadcrumb\":{\"@id\":\"https:\\\/\\\/www.tecnofil.net\\\/es\\\/news-y-ferias\\\/#breadcrumb\"},\"inLanguage\":\"es\",\"potentialAction\":[{\"@type\":\"ReadAction\",\"target\":[\"https:\\\/\\\/www.tecnofil.net\\\/es\\\/news-y-ferias\\\/\"]}]},{\"@type\":\"ImageObject\",\"inLanguage\":\"es\",\"@id\":\"https:\\\/\\\/www.tecnofil.net\\\/es\\\/news-y-ferias\\\/#primaryimage\",\"url\":\"https:\\\/\\\/www.tecnofil.net\\\/wp-content\\\/uploads\\\/2023\\\/03\\\/GIL095.jpg\",\"contentUrl\":\"https:\\\/\\\/www.tecnofil.net\\\/wp-content\\\/uploads\\\/2023\\\/03\\\/GIL095.jpg\",\"width\":1920,\"height\":320},{\"@type\":\"BreadcrumbList\",\"@id\":\"https:\\\/\\\/www.tecnofil.net\\\/es\\\/news-y-ferias\\\/#breadcrumb\",\"itemListElement\":[{\"@type\":\"ListItem\",\"position\":1,\"name\":\"Home\",\"item\":\"https:\\\/\\\/www.tecnofil.net\\\/es\\\/\"},{\"@type\":\"ListItem\",\"position\":2,\"name\":\"Todas las ferias y las \u00faltimas novedades del mundo Tecnofil\"}]},{\"@type\":\"WebSite\",\"@id\":\"https:\\\/\\\/www.tecnofil.net\\\/es\\\/#website\",\"url\":\"https:\\\/\\\/www.tecnofil.net\\\/es\\\/\",\"name\":\"Tecnofil\",\"description\":\"bizonweb\",\"potentialAction\":[{\"@type\":\"SearchAction\",\"target\":{\"@type\":\"EntryPoint\",\"urlTemplate\":\"https:\\\/\\\/www.tecnofil.net\\\/es\\\/?s={search_term_string}\"},\"query-input\":{\"@type\":\"PropertyValueSpecification\",\"valueRequired\":true,\"valueName\":\"search_term_string\"}}],\"inLanguage\":\"es\"}]}<\/script>\n<!-- \/ Yoast SEO plugin. -->","yoast_head_json":{"title":"Todas las ferias y las \u00faltimas novedades del mundo Tecnofil","description":"Secci\u00f3n por encontrar\u00e1 todas las novedades futuras y pasadas, as\u00ed como las ferias en las que podr\u00e1 conocer las numerosas soluciones que podemos ofrecer.","robots":{"index":"index","follow":"follow","max-snippet":"max-snippet:-1","max-image-preview":"max-image-preview:large","max-video-preview":"max-video-preview:-1"},"canonical":"https:\/\/www.tecnofil.net\/es\/news-y-ferias\/","og_locale":"es_ES","og_type":"article","og_title":"Todas las ferias y las \u00faltimas novedades del mundo Tecnofil","og_description":"Secci\u00f3n por encontrar\u00e1 todas las novedades futuras y pasadas, as\u00ed como las ferias en las que podr\u00e1 conocer las numerosas soluciones que podemos ofrecer.","og_url":"https:\/\/www.tecnofil.net\/es\/news-y-ferias\/","og_site_name":"Tecnofil","article_modified_time":"2024-04-03T10:43:54+00:00","og_image":[{"width":1920,"height":320,"url":"https:\/\/www.tecnofil.net\/wp-content\/uploads\/2023\/03\/GIL095.jpg","type":"image\/jpeg"}],"twitter_card":"summary_large_image","twitter_misc":{"Tiempo de lectura":"1 minuto"},"schema":{"@context":"https:\/\/schema.org","@graph":[{"@type":"WebPage","@id":"https:\/\/www.tecnofil.net\/es\/news-y-ferias\/","url":"https:\/\/www.tecnofil.net\/es\/news-y-ferias\/","name":"Todas las ferias y las \u00faltimas novedades del mundo Tecnofil","isPartOf":{"@id":"https:\/\/www.tecnofil.net\/es\/#website"},"primaryImageOfPage":{"@id":"https:\/\/www.tecnofil.net\/es\/news-y-ferias\/#primaryimage"},"image":{"@id":"https:\/\/www.tecnofil.net\/es\/news-y-ferias\/#primaryimage"},"thumbnailUrl":"https:\/\/www.tecnofil.net\/wp-content\/uploads\/2023\/03\/GIL095.jpg","datePublished":"2023-03-24T10:38:37+00:00","dateModified":"2024-04-03T10:43:54+00:00","description":"Secci\u00f3n por encontrar\u00e1 todas las novedades futuras y pasadas, as\u00ed como las ferias en las que podr\u00e1 conocer las numerosas soluciones que podemos ofrecer.","breadcrumb":{"@id":"https:\/\/www.tecnofil.net\/es\/news-y-ferias\/#breadcrumb"},"inLanguage":"es","potentialAction":[{"@type":"ReadAction","target":["https:\/\/www.tecnofil.net\/es\/news-y-ferias\/"]}]},{"@type":"ImageObject","inLanguage":"es","@id":"https:\/\/www.tecnofil.net\/es\/news-y-ferias\/#primaryimage","url":"https:\/\/www.tecnofil.net\/wp-content\/uploads\/2023\/03\/GIL095.jpg","contentUrl":"https:\/\/www.tecnofil.net\/wp-content\/uploads\/2023\/03\/GIL095.jpg","width":1920,"height":320},{"@type":"BreadcrumbList","@id":"https:\/\/www.tecnofil.net\/es\/news-y-ferias\/#breadcrumb","itemListElement":[{"@type":"ListItem","position":1,"name":"Home","item":"https:\/\/www.tecnofil.net\/es\/"},{"@type":"ListItem","position":2,"name":"Todas las ferias y las \u00faltimas novedades del mundo Tecnofil"}]},{"@type":"WebSite","@id":"https:\/\/www.tecnofil.net\/es\/#website","url":"https:\/\/www.tecnofil.net\/es\/","name":"Tecnofil","description":"bizonweb","potentialAction":[{"@type":"SearchAction","target":{"@type":"EntryPoint","urlTemplate":"https:\/\/www.tecnofil.net\/es\/?s={search_term_string}"},"query-input":{"@type":"PropertyValueSpecification","valueRequired":true,"valueName":"search_term_string"}}],"inLanguage":"es"}]}},"_links":{"self":[{"href":"https:\/\/www.tecnofil.net\/es\/wp-json\/wp\/v2\/pages\/1777","targetHints":{"allow":["GET"]}}],"collection":[{"href":"https:\/\/www.tecnofil.net\/es\/wp-json\/wp\/v2\/pages"}],"about":[{"href":"https:\/\/www.tecnofil.net\/es\/wp-json\/wp\/v2\/types\/page"}],"author":[{"embeddable":true,"href":"https:\/\/www.tecnofil.net\/es\/wp-json\/wp\/v2\/users\/1"}],"replies":[{"embeddable":true,"href":"https:\/\/www.tecnofil.net\/es\/wp-json\/wp\/v2\/comments?post=1777"}],"version-history":[{"count":3,"href":"https:\/\/www.tecnofil.net\/es\/wp-json\/wp\/v2\/pages\/1777\/revisions"}],"predecessor-version":[{"id":2938,"href":"https:\/\/www.tecnofil.net\/es\/wp-json\/wp\/v2\/pages\/1777\/revisions\/2938"}],"wp:featuredmedia":[{"embeddable":true,"href":"https:\/\/www.tecnofil.net\/es\/wp-json\/wp\/v2\/media\/548"}],"wp:attachment":[{"href":"https:\/\/www.tecnofil.net\/es\/wp-json\/wp\/v2\/media?parent=1777"}],"curies":[{"name":"wp","href":"https:\/\/api.w.org\/{rel}","templated":true}]}}