{"id":1768,"date":"2023-03-24T11:38:37","date_gmt":"2023-03-24T10:38:37","guid":{"rendered":"https:\/\/www.tecnofil.net\/tutte-le-tipologie-di-imballo\/"},"modified":"2023-09-01T10:44:46","modified_gmt":"2023-09-01T09:44:46","slug":"embalaje","status":"publish","type":"page","link":"https:\/\/www.tecnofil.net\/es\/embalaje\/","title":{"rendered":"Embalajes est\u00e1ndar y personalizables"},"content":{"rendered":"<p>Para garantizar la <strong>m\u00e1xima versatilidad y eficacia<\/strong>, Tecnofil entrega sus productos en <strong>embalajes est\u00e1ndar<\/strong> o, a petici\u00f3n, en embalajes personalizados seg\u00fan las necesidades del cliente.<\/p>\n<p>Gracias a su <strong>experiencia en el sector<\/strong>, Tecnofil puede ofrecer un <strong>servicio \u00abllave en mano\u00bb<\/strong> en una diversidad de \u00e1mbitos de aplicaci\u00f3n y para las m\u00e1s variadas condiciones de uso de sus productos.<\/p>\n","protected":false},"excerpt":{"rendered":"<p>Para garantizar la m\u00e1xima versatilidad y eficacia, Tecnofil entrega sus productos en embalajes est\u00e1ndar o, a petici\u00f3n, en embalajes personalizados seg\u00fan las necesidades del cliente. Gracias a su experiencia en el sector, Tecnofil puede ofrecer un servicio \u00abllave en mano\u00bb en una diversidad de \u00e1mbitos de aplicaci\u00f3n y para las m\u00e1s variadas condiciones de uso [&hellip;]<\/p>\n","protected":false},"author":1,"featured_media":538,"parent":0,"menu_order":11,"comment_status":"closed","ping_status":"closed","template":"template-archive-imballaggio.php","meta":{"_acf_changed":false,"footnotes":""},"class_list":["post-1768","page","type-page","status-publish","has-post-thumbnail","hentry"],"acf":{"associazione_banner":"","titolo_filtri":"B\u00fasqueda el embalaje disponible para nuestros productos","testo_banner_imballaggi":"A petici\u00f3n del cliente, podemos ofrecer la m\u00e1xima personalizaci\u00f3n de los embalajes y de las especificaciones del producto, adem\u00e1s de expedir la certificaci\u00f3n en 10204 3.1.","anchor":"Embalajes","titolo":"Todos los tipos de embalajes","sottotitolo":""},"yoast_head":"<!-- This site is optimized with the Yoast SEO plugin v27.3 - https:\/\/yoast.com\/product\/yoast-seo-wordpress\/ -->\n<title>Todos los tipos de embalaje que propone - Tecnofil<\/title>\n<meta name=\"description\" content=\"Alambres met\u00e1licos, ofreciendo una gran versatilidad y una eficacia de m\u00e1xima calidad. Con una clara vocaci\u00f3n al trabajo &quot;a medida&quot;...\" \/>\n<meta name=\"robots\" content=\"index, follow, max-snippet:-1, max-image-preview:large, max-video-preview:-1\" \/>\n<link rel=\"canonical\" href=\"https:\/\/www.tecnofil.net\/es\/embalaje\/\" \/>\n<meta property=\"og:locale\" content=\"es_ES\" \/>\n<meta property=\"og:type\" content=\"article\" \/>\n<meta property=\"og:title\" content=\"Todos los tipos de embalaje que propone - Tecnofil\" \/>\n<meta property=\"og:description\" content=\"Alambres met\u00e1licos, ofreciendo una gran versatilidad y una eficacia de m\u00e1xima calidad. Con una clara vocaci\u00f3n al trabajo &quot;a medida&quot;...\" \/>\n<meta property=\"og:url\" content=\"https:\/\/www.tecnofil.net\/es\/embalaje\/\" \/>\n<meta property=\"og:site_name\" content=\"Tecnofil\" \/>\n<meta property=\"article:modified_time\" content=\"2023-09-01T09:44:46+00:00\" \/>\n<meta property=\"og:image\" content=\"https:\/\/www.tecnofil.net\/wp-content\/uploads\/2023\/03\/MG_3256.jpg\" \/>\n\t<meta property=\"og:image:width\" content=\"1920\" \/>\n\t<meta property=\"og:image:height\" content=\"320\" \/>\n\t<meta property=\"og:image:type\" content=\"image\/jpeg\" \/>\n<meta name=\"twitter:card\" content=\"summary_large_image\" \/>\n<meta name=\"twitter:label1\" content=\"Tiempo de lectura\" \/>\n\t<meta name=\"twitter:data1\" content=\"1 minuto\" \/>\n<script type=\"application\/ld+json\" class=\"yoast-schema-graph\">{\"@context\":\"https:\\\/\\\/schema.org\",\"@graph\":[{\"@type\":\"WebPage\",\"@id\":\"https:\\\/\\\/www.tecnofil.net\\\/es\\\/embalaje\\\/\",\"url\":\"https:\\\/\\\/www.tecnofil.net\\\/es\\\/embalaje\\\/\",\"name\":\"Todos los tipos de embalaje que propone - Tecnofil\",\"isPartOf\":{\"@id\":\"https:\\\/\\\/www.tecnofil.net\\\/es\\\/#website\"},\"primaryImageOfPage\":{\"@id\":\"https:\\\/\\\/www.tecnofil.net\\\/es\\\/embalaje\\\/#primaryimage\"},\"image\":{\"@id\":\"https:\\\/\\\/www.tecnofil.net\\\/es\\\/embalaje\\\/#primaryimage\"},\"thumbnailUrl\":\"https:\\\/\\\/www.tecnofil.net\\\/wp-content\\\/uploads\\\/2023\\\/03\\\/MG_3256.jpg\",\"datePublished\":\"2023-03-24T10:38:37+00:00\",\"dateModified\":\"2023-09-01T09:44:46+00:00\",\"description\":\"Alambres met\u00e1licos, ofreciendo una gran versatilidad y una eficacia de m\u00e1xima calidad. Con una clara vocaci\u00f3n al trabajo \\\"a medida\\\"...\",\"breadcrumb\":{\"@id\":\"https:\\\/\\\/www.tecnofil.net\\\/es\\\/embalaje\\\/#breadcrumb\"},\"inLanguage\":\"es\",\"potentialAction\":[{\"@type\":\"ReadAction\",\"target\":[\"https:\\\/\\\/www.tecnofil.net\\\/es\\\/embalaje\\\/\"]}]},{\"@type\":\"ImageObject\",\"inLanguage\":\"es\",\"@id\":\"https:\\\/\\\/www.tecnofil.net\\\/es\\\/embalaje\\\/#primaryimage\",\"url\":\"https:\\\/\\\/www.tecnofil.net\\\/wp-content\\\/uploads\\\/2023\\\/03\\\/MG_3256.jpg\",\"contentUrl\":\"https:\\\/\\\/www.tecnofil.net\\\/wp-content\\\/uploads\\\/2023\\\/03\\\/MG_3256.jpg\",\"width\":1920,\"height\":320},{\"@type\":\"BreadcrumbList\",\"@id\":\"https:\\\/\\\/www.tecnofil.net\\\/es\\\/embalaje\\\/#breadcrumb\",\"itemListElement\":[{\"@type\":\"ListItem\",\"position\":1,\"name\":\"Home\",\"item\":\"https:\\\/\\\/www.tecnofil.net\\\/es\\\/\"},{\"@type\":\"ListItem\",\"position\":2,\"name\":\"Embalajes est\u00e1ndar y personalizables\"}]},{\"@type\":\"WebSite\",\"@id\":\"https:\\\/\\\/www.tecnofil.net\\\/es\\\/#website\",\"url\":\"https:\\\/\\\/www.tecnofil.net\\\/es\\\/\",\"name\":\"Tecnofil\",\"description\":\"bizonweb\",\"potentialAction\":[{\"@type\":\"SearchAction\",\"target\":{\"@type\":\"EntryPoint\",\"urlTemplate\":\"https:\\\/\\\/www.tecnofil.net\\\/es\\\/?s={search_term_string}\"},\"query-input\":{\"@type\":\"PropertyValueSpecification\",\"valueRequired\":true,\"valueName\":\"search_term_string\"}}],\"inLanguage\":\"es\"}]}<\/script>\n<!-- \/ Yoast SEO plugin. -->","yoast_head_json":{"title":"Todos los tipos de embalaje que propone - Tecnofil","description":"Alambres met\u00e1licos, ofreciendo una gran versatilidad y una eficacia de m\u00e1xima calidad. Con una clara vocaci\u00f3n al trabajo \"a medida\"...","robots":{"index":"index","follow":"follow","max-snippet":"max-snippet:-1","max-image-preview":"max-image-preview:large","max-video-preview":"max-video-preview:-1"},"canonical":"https:\/\/www.tecnofil.net\/es\/embalaje\/","og_locale":"es_ES","og_type":"article","og_title":"Todos los tipos de embalaje que propone - Tecnofil","og_description":"Alambres met\u00e1licos, ofreciendo una gran versatilidad y una eficacia de m\u00e1xima calidad. Con una clara vocaci\u00f3n al trabajo \"a medida\"...","og_url":"https:\/\/www.tecnofil.net\/es\/embalaje\/","og_site_name":"Tecnofil","article_modified_time":"2023-09-01T09:44:46+00:00","og_image":[{"width":1920,"height":320,"url":"https:\/\/www.tecnofil.net\/wp-content\/uploads\/2023\/03\/MG_3256.jpg","type":"image\/jpeg"}],"twitter_card":"summary_large_image","twitter_misc":{"Tiempo de lectura":"1 minuto"},"schema":{"@context":"https:\/\/schema.org","@graph":[{"@type":"WebPage","@id":"https:\/\/www.tecnofil.net\/es\/embalaje\/","url":"https:\/\/www.tecnofil.net\/es\/embalaje\/","name":"Todos los tipos de embalaje que propone - Tecnofil","isPartOf":{"@id":"https:\/\/www.tecnofil.net\/es\/#website"},"primaryImageOfPage":{"@id":"https:\/\/www.tecnofil.net\/es\/embalaje\/#primaryimage"},"image":{"@id":"https:\/\/www.tecnofil.net\/es\/embalaje\/#primaryimage"},"thumbnailUrl":"https:\/\/www.tecnofil.net\/wp-content\/uploads\/2023\/03\/MG_3256.jpg","datePublished":"2023-03-24T10:38:37+00:00","dateModified":"2023-09-01T09:44:46+00:00","description":"Alambres met\u00e1licos, ofreciendo una gran versatilidad y una eficacia de m\u00e1xima calidad. Con una clara vocaci\u00f3n al trabajo \"a medida\"...","breadcrumb":{"@id":"https:\/\/www.tecnofil.net\/es\/embalaje\/#breadcrumb"},"inLanguage":"es","potentialAction":[{"@type":"ReadAction","target":["https:\/\/www.tecnofil.net\/es\/embalaje\/"]}]},{"@type":"ImageObject","inLanguage":"es","@id":"https:\/\/www.tecnofil.net\/es\/embalaje\/#primaryimage","url":"https:\/\/www.tecnofil.net\/wp-content\/uploads\/2023\/03\/MG_3256.jpg","contentUrl":"https:\/\/www.tecnofil.net\/wp-content\/uploads\/2023\/03\/MG_3256.jpg","width":1920,"height":320},{"@type":"BreadcrumbList","@id":"https:\/\/www.tecnofil.net\/es\/embalaje\/#breadcrumb","itemListElement":[{"@type":"ListItem","position":1,"name":"Home","item":"https:\/\/www.tecnofil.net\/es\/"},{"@type":"ListItem","position":2,"name":"Embalajes est\u00e1ndar y personalizables"}]},{"@type":"WebSite","@id":"https:\/\/www.tecnofil.net\/es\/#website","url":"https:\/\/www.tecnofil.net\/es\/","name":"Tecnofil","description":"bizonweb","potentialAction":[{"@type":"SearchAction","target":{"@type":"EntryPoint","urlTemplate":"https:\/\/www.tecnofil.net\/es\/?s={search_term_string}"},"query-input":{"@type":"PropertyValueSpecification","valueRequired":true,"valueName":"search_term_string"}}],"inLanguage":"es"}]}},"_links":{"self":[{"href":"https:\/\/www.tecnofil.net\/es\/wp-json\/wp\/v2\/pages\/1768","targetHints":{"allow":["GET"]}}],"collection":[{"href":"https:\/\/www.tecnofil.net\/es\/wp-json\/wp\/v2\/pages"}],"about":[{"href":"https:\/\/www.tecnofil.net\/es\/wp-json\/wp\/v2\/types\/page"}],"author":[{"embeddable":true,"href":"https:\/\/www.tecnofil.net\/es\/wp-json\/wp\/v2\/users\/1"}],"replies":[{"embeddable":true,"href":"https:\/\/www.tecnofil.net\/es\/wp-json\/wp\/v2\/comments?post=1768"}],"version-history":[{"count":2,"href":"https:\/\/www.tecnofil.net\/es\/wp-json\/wp\/v2\/pages\/1768\/revisions"}],"predecessor-version":[{"id":2625,"href":"https:\/\/www.tecnofil.net\/es\/wp-json\/wp\/v2\/pages\/1768\/revisions\/2625"}],"wp:featuredmedia":[{"embeddable":true,"href":"https:\/\/www.tecnofil.net\/es\/wp-json\/wp\/v2\/media\/538"}],"wp:attachment":[{"href":"https:\/\/www.tecnofil.net\/es\/wp-json\/wp\/v2\/media?parent=1768"}],"curies":[{"name":"wp","href":"https:\/\/api.w.org\/{rel}","templated":true}]}}