{"id":1760,"date":"2023-03-24T11:38:37","date_gmt":"2023-03-24T10:38:37","guid":{"rendered":"https:\/\/www.tecnofil.net\/leader-nella-produzione-filo-metallico\/"},"modified":"2023-06-05T14:00:13","modified_gmt":"2023-06-05T13:00:13","slug":"alambre-metalico","status":"publish","type":"page","link":"https:\/\/www.tecnofil.net\/es\/alambre-metalico\/","title":{"rendered":"Productos"},"content":{"rendered":"","protected":false},"excerpt":{"rendered":"","protected":false},"author":1,"featured_media":448,"parent":0,"menu_order":5,"comment_status":"closed","ping_status":"closed","template":"template-archive-prodotto.php","meta":{"_acf_changed":false,"footnotes":""},"class_list":["post-1760","page","type-page","status-publish","has-post-thumbnail","hentry"],"acf":{"titolo_filtri":"Busca el alambre que mejor cumpla tus requisitos","titolo_impieghi":"Principales usos","sottotitolo_impieghi":"A continuaci\u00f3n las modalidades principales de aplicaci\u00f3n de los alambres Tecnofil","anchor":"Productos","titolo":"","sottotitolo":"Fabricaci\u00f3n de alambre met\u00e1lico"},"yoast_head":"<!-- This site is optimized with the Yoast SEO plugin v27.3 - https:\/\/yoast.com\/product\/yoast-seo-wordpress\/ -->\n<title>Alambre met\u00e1lico de bajo y medio tenor de carbono -Tecnofil<\/title>\n<meta name=\"description\" content=\"Tecnofil es l\u00edder en la elaboraci\u00f3n de alambre met\u00e1lico, con una capacidad de m\u00e1s del 90.000 toneladas al a\u00f1o gracias a la relaci\u00f3n con el grupo Alfa Acciai.\" \/>\n<meta name=\"robots\" content=\"index, follow, max-snippet:-1, max-image-preview:large, max-video-preview:-1\" \/>\n<link rel=\"canonical\" href=\"https:\/\/www.tecnofil.net\/es\/alambre-metalico\/\" \/>\n<meta property=\"og:locale\" content=\"es_ES\" \/>\n<meta property=\"og:type\" content=\"article\" \/>\n<meta property=\"og:title\" content=\"Alambre met\u00e1lico de bajo y medio tenor de carbono -Tecnofil\" \/>\n<meta property=\"og:description\" content=\"Tecnofil es l\u00edder en la elaboraci\u00f3n de alambre met\u00e1lico, con una capacidad de m\u00e1s del 90.000 toneladas al a\u00f1o gracias a la relaci\u00f3n con el grupo Alfa Acciai.\" \/>\n<meta property=\"og:url\" content=\"https:\/\/www.tecnofil.net\/es\/alambre-metalico\/\" \/>\n<meta property=\"og:site_name\" content=\"Tecnofil\" \/>\n<meta property=\"article:modified_time\" content=\"2023-06-05T13:00:13+00:00\" \/>\n<meta property=\"og:image\" content=\"https:\/\/www.tecnofil.net\/wp-content\/uploads\/2023\/03\/PUGNO-ALTA1.jpg\" \/>\n\t<meta property=\"og:image:width\" content=\"1920\" \/>\n\t<meta property=\"og:image:height\" content=\"320\" \/>\n\t<meta property=\"og:image:type\" content=\"image\/jpeg\" \/>\n<meta name=\"twitter:card\" content=\"summary_large_image\" \/>\n<script type=\"application\/ld+json\" class=\"yoast-schema-graph\">{\"@context\":\"https:\\\/\\\/schema.org\",\"@graph\":[{\"@type\":\"WebPage\",\"@id\":\"https:\\\/\\\/www.tecnofil.net\\\/es\\\/alambre-metalico\\\/\",\"url\":\"https:\\\/\\\/www.tecnofil.net\\\/es\\\/alambre-metalico\\\/\",\"name\":\"Alambre met\u00e1lico de bajo y medio tenor de carbono -Tecnofil\",\"isPartOf\":{\"@id\":\"https:\\\/\\\/www.tecnofil.net\\\/es\\\/#website\"},\"primaryImageOfPage\":{\"@id\":\"https:\\\/\\\/www.tecnofil.net\\\/es\\\/alambre-metalico\\\/#primaryimage\"},\"image\":{\"@id\":\"https:\\\/\\\/www.tecnofil.net\\\/es\\\/alambre-metalico\\\/#primaryimage\"},\"thumbnailUrl\":\"https:\\\/\\\/www.tecnofil.net\\\/wp-content\\\/uploads\\\/2023\\\/03\\\/PUGNO-ALTA1.jpg\",\"datePublished\":\"2023-03-24T10:38:37+00:00\",\"dateModified\":\"2023-06-05T13:00:13+00:00\",\"description\":\"Tecnofil es l\u00edder en la elaboraci\u00f3n de alambre met\u00e1lico, con una capacidad de m\u00e1s del 90.000 toneladas al a\u00f1o gracias a la relaci\u00f3n con el grupo Alfa Acciai.\",\"breadcrumb\":{\"@id\":\"https:\\\/\\\/www.tecnofil.net\\\/es\\\/alambre-metalico\\\/#breadcrumb\"},\"inLanguage\":\"es\",\"potentialAction\":[{\"@type\":\"ReadAction\",\"target\":[\"https:\\\/\\\/www.tecnofil.net\\\/es\\\/alambre-metalico\\\/\"]}]},{\"@type\":\"ImageObject\",\"inLanguage\":\"es\",\"@id\":\"https:\\\/\\\/www.tecnofil.net\\\/es\\\/alambre-metalico\\\/#primaryimage\",\"url\":\"https:\\\/\\\/www.tecnofil.net\\\/wp-content\\\/uploads\\\/2023\\\/03\\\/PUGNO-ALTA1.jpg\",\"contentUrl\":\"https:\\\/\\\/www.tecnofil.net\\\/wp-content\\\/uploads\\\/2023\\\/03\\\/PUGNO-ALTA1.jpg\",\"width\":1920,\"height\":320},{\"@type\":\"BreadcrumbList\",\"@id\":\"https:\\\/\\\/www.tecnofil.net\\\/es\\\/alambre-metalico\\\/#breadcrumb\",\"itemListElement\":[{\"@type\":\"ListItem\",\"position\":1,\"name\":\"Home\",\"item\":\"https:\\\/\\\/www.tecnofil.net\\\/es\\\/\"},{\"@type\":\"ListItem\",\"position\":2,\"name\":\"Productos\"}]},{\"@type\":\"WebSite\",\"@id\":\"https:\\\/\\\/www.tecnofil.net\\\/es\\\/#website\",\"url\":\"https:\\\/\\\/www.tecnofil.net\\\/es\\\/\",\"name\":\"Tecnofil\",\"description\":\"bizonweb\",\"potentialAction\":[{\"@type\":\"SearchAction\",\"target\":{\"@type\":\"EntryPoint\",\"urlTemplate\":\"https:\\\/\\\/www.tecnofil.net\\\/es\\\/?s={search_term_string}\"},\"query-input\":{\"@type\":\"PropertyValueSpecification\",\"valueRequired\":true,\"valueName\":\"search_term_string\"}}],\"inLanguage\":\"es\"}]}<\/script>\n<!-- \/ Yoast SEO plugin. -->","yoast_head_json":{"title":"Alambre met\u00e1lico de bajo y medio tenor de carbono -Tecnofil","description":"Tecnofil es l\u00edder en la elaboraci\u00f3n de alambre met\u00e1lico, con una capacidad de m\u00e1s del 90.000 toneladas al a\u00f1o gracias a la relaci\u00f3n con el grupo Alfa Acciai.","robots":{"index":"index","follow":"follow","max-snippet":"max-snippet:-1","max-image-preview":"max-image-preview:large","max-video-preview":"max-video-preview:-1"},"canonical":"https:\/\/www.tecnofil.net\/es\/alambre-metalico\/","og_locale":"es_ES","og_type":"article","og_title":"Alambre met\u00e1lico de bajo y medio tenor de carbono -Tecnofil","og_description":"Tecnofil es l\u00edder en la elaboraci\u00f3n de alambre met\u00e1lico, con una capacidad de m\u00e1s del 90.000 toneladas al a\u00f1o gracias a la relaci\u00f3n con el grupo Alfa Acciai.","og_url":"https:\/\/www.tecnofil.net\/es\/alambre-metalico\/","og_site_name":"Tecnofil","article_modified_time":"2023-06-05T13:00:13+00:00","og_image":[{"width":1920,"height":320,"url":"https:\/\/www.tecnofil.net\/wp-content\/uploads\/2023\/03\/PUGNO-ALTA1.jpg","type":"image\/jpeg"}],"twitter_card":"summary_large_image","schema":{"@context":"https:\/\/schema.org","@graph":[{"@type":"WebPage","@id":"https:\/\/www.tecnofil.net\/es\/alambre-metalico\/","url":"https:\/\/www.tecnofil.net\/es\/alambre-metalico\/","name":"Alambre met\u00e1lico de bajo y medio tenor de carbono -Tecnofil","isPartOf":{"@id":"https:\/\/www.tecnofil.net\/es\/#website"},"primaryImageOfPage":{"@id":"https:\/\/www.tecnofil.net\/es\/alambre-metalico\/#primaryimage"},"image":{"@id":"https:\/\/www.tecnofil.net\/es\/alambre-metalico\/#primaryimage"},"thumbnailUrl":"https:\/\/www.tecnofil.net\/wp-content\/uploads\/2023\/03\/PUGNO-ALTA1.jpg","datePublished":"2023-03-24T10:38:37+00:00","dateModified":"2023-06-05T13:00:13+00:00","description":"Tecnofil es l\u00edder en la elaboraci\u00f3n de alambre met\u00e1lico, con una capacidad de m\u00e1s del 90.000 toneladas al a\u00f1o gracias a la relaci\u00f3n con el grupo Alfa Acciai.","breadcrumb":{"@id":"https:\/\/www.tecnofil.net\/es\/alambre-metalico\/#breadcrumb"},"inLanguage":"es","potentialAction":[{"@type":"ReadAction","target":["https:\/\/www.tecnofil.net\/es\/alambre-metalico\/"]}]},{"@type":"ImageObject","inLanguage":"es","@id":"https:\/\/www.tecnofil.net\/es\/alambre-metalico\/#primaryimage","url":"https:\/\/www.tecnofil.net\/wp-content\/uploads\/2023\/03\/PUGNO-ALTA1.jpg","contentUrl":"https:\/\/www.tecnofil.net\/wp-content\/uploads\/2023\/03\/PUGNO-ALTA1.jpg","width":1920,"height":320},{"@type":"BreadcrumbList","@id":"https:\/\/www.tecnofil.net\/es\/alambre-metalico\/#breadcrumb","itemListElement":[{"@type":"ListItem","position":1,"name":"Home","item":"https:\/\/www.tecnofil.net\/es\/"},{"@type":"ListItem","position":2,"name":"Productos"}]},{"@type":"WebSite","@id":"https:\/\/www.tecnofil.net\/es\/#website","url":"https:\/\/www.tecnofil.net\/es\/","name":"Tecnofil","description":"bizonweb","potentialAction":[{"@type":"SearchAction","target":{"@type":"EntryPoint","urlTemplate":"https:\/\/www.tecnofil.net\/es\/?s={search_term_string}"},"query-input":{"@type":"PropertyValueSpecification","valueRequired":true,"valueName":"search_term_string"}}],"inLanguage":"es"}]}},"_links":{"self":[{"href":"https:\/\/www.tecnofil.net\/es\/wp-json\/wp\/v2\/pages\/1760","targetHints":{"allow":["GET"]}}],"collection":[{"href":"https:\/\/www.tecnofil.net\/es\/wp-json\/wp\/v2\/pages"}],"about":[{"href":"https:\/\/www.tecnofil.net\/es\/wp-json\/wp\/v2\/types\/page"}],"author":[{"embeddable":true,"href":"https:\/\/www.tecnofil.net\/es\/wp-json\/wp\/v2\/users\/1"}],"replies":[{"embeddable":true,"href":"https:\/\/www.tecnofil.net\/es\/wp-json\/wp\/v2\/comments?post=1760"}],"version-history":[{"count":1,"href":"https:\/\/www.tecnofil.net\/es\/wp-json\/wp\/v2\/pages\/1760\/revisions"}],"predecessor-version":[{"id":1763,"href":"https:\/\/www.tecnofil.net\/es\/wp-json\/wp\/v2\/pages\/1760\/revisions\/1763"}],"wp:featuredmedia":[{"embeddable":true,"href":"https:\/\/www.tecnofil.net\/es\/wp-json\/wp\/v2\/media\/448"}],"wp:attachment":[{"href":"https:\/\/www.tecnofil.net\/es\/wp-json\/wp\/v2\/media?parent=1760"}],"curies":[{"name":"wp","href":"https:\/\/api.w.org\/{rel}","templated":true}]}}