{"id":1612,"date":"2023-03-24T11:53:56","date_gmt":"2023-03-24T10:53:56","guid":{"rendered":"https:\/\/www.tecnofil.net\/produzione-filo-per-recinzioni\/"},"modified":"2023-09-01T10:44:12","modified_gmt":"2023-09-01T09:44:12","slug":"alambre-para-cerco","status":"publish","type":"page","link":"https:\/\/www.tecnofil.net\/es\/alambre-para-cerco\/","title":{"rendered":"Elaboraci\u00f3n de alambre para cerco"},"content":{"rendered":"","protected":false},"excerpt":{"rendered":"","protected":false},"author":1,"featured_media":485,"parent":0,"menu_order":10,"comment_status":"closed","ping_status":"closed","template":"template-single-impiego.php","meta":{"_acf_changed":false,"footnotes":""},"class_list":["post-1612","page","type-page","status-publish","has-post-thumbnail","hentry"],"acf":{"associazione_banner":1637,"associazione_impieghi":[1244,1252,1258,1372,1265,1551,1335,1281,1490,1342,1328],"anchor":"Alambre para cercados","titolo":"Elaboraci\u00f3n de alambre para cerco","sottotitolo":"Los principales sectores para la elaboraci\u00f3n de alambre de cercado"},"yoast_head":"<!-- This site is optimized with the Yoast SEO plugin v27.3 - https:\/\/yoast.com\/product\/yoast-seo-wordpress\/ -->\n<title>Los principales sectores para alambre para cerco -Tecnofil<\/title>\n<meta name=\"description\" content=\"Tecnofil es l\u00edder en Europa en la elaboraci\u00f3n de alambre para cerco desde mallas electrosoldadas hasta gaviones, las redes para ganader\u00eda y las mallas onduladas\" \/>\n<meta name=\"robots\" content=\"index, follow, max-snippet:-1, max-image-preview:large, max-video-preview:-1\" \/>\n<link rel=\"canonical\" href=\"https:\/\/www.tecnofil.net\/es\/alambre-para-cerco\/\" \/>\n<meta property=\"og:locale\" content=\"es_ES\" \/>\n<meta property=\"og:type\" content=\"article\" \/>\n<meta property=\"og:title\" content=\"Los principales sectores para alambre para cerco -Tecnofil\" \/>\n<meta property=\"og:description\" content=\"Tecnofil es l\u00edder en Europa en la elaboraci\u00f3n de alambre para cerco desde mallas electrosoldadas hasta gaviones, las redes para ganader\u00eda y las mallas onduladas\" \/>\n<meta property=\"og:url\" content=\"https:\/\/www.tecnofil.net\/es\/alambre-para-cerco\/\" \/>\n<meta property=\"og:site_name\" content=\"Tecnofil\" \/>\n<meta property=\"article:modified_time\" content=\"2023-09-01T09:44:12+00:00\" \/>\n<meta property=\"og:image\" content=\"https:\/\/www.tecnofil.net\/wp-content\/uploads\/2023\/03\/shutterstock_139978996.jpg\" \/>\n\t<meta property=\"og:image:width\" content=\"1920\" \/>\n\t<meta property=\"og:image:height\" content=\"1275\" \/>\n\t<meta property=\"og:image:type\" content=\"image\/jpeg\" \/>\n<meta name=\"twitter:card\" content=\"summary_large_image\" \/>\n<script type=\"application\/ld+json\" class=\"yoast-schema-graph\">{\"@context\":\"https:\\\/\\\/schema.org\",\"@graph\":[{\"@type\":\"WebPage\",\"@id\":\"https:\\\/\\\/www.tecnofil.net\\\/es\\\/alambre-para-cerco\\\/\",\"url\":\"https:\\\/\\\/www.tecnofil.net\\\/es\\\/alambre-para-cerco\\\/\",\"name\":\"Los principales sectores para alambre para cerco -Tecnofil\",\"isPartOf\":{\"@id\":\"https:\\\/\\\/www.tecnofil.net\\\/es\\\/#website\"},\"primaryImageOfPage\":{\"@id\":\"https:\\\/\\\/www.tecnofil.net\\\/es\\\/alambre-para-cerco\\\/#primaryimage\"},\"image\":{\"@id\":\"https:\\\/\\\/www.tecnofil.net\\\/es\\\/alambre-para-cerco\\\/#primaryimage\"},\"thumbnailUrl\":\"https:\\\/\\\/www.tecnofil.net\\\/wp-content\\\/uploads\\\/2023\\\/03\\\/shutterstock_139978996.jpg\",\"datePublished\":\"2023-03-24T10:53:56+00:00\",\"dateModified\":\"2023-09-01T09:44:12+00:00\",\"description\":\"Tecnofil es l\u00edder en Europa en la elaboraci\u00f3n de alambre para cerco desde mallas electrosoldadas hasta gaviones, las redes para ganader\u00eda y las mallas onduladas\",\"breadcrumb\":{\"@id\":\"https:\\\/\\\/www.tecnofil.net\\\/es\\\/alambre-para-cerco\\\/#breadcrumb\"},\"inLanguage\":\"es\",\"potentialAction\":[{\"@type\":\"ReadAction\",\"target\":[\"https:\\\/\\\/www.tecnofil.net\\\/es\\\/alambre-para-cerco\\\/\"]}]},{\"@type\":\"ImageObject\",\"inLanguage\":\"es\",\"@id\":\"https:\\\/\\\/www.tecnofil.net\\\/es\\\/alambre-para-cerco\\\/#primaryimage\",\"url\":\"https:\\\/\\\/www.tecnofil.net\\\/wp-content\\\/uploads\\\/2023\\\/03\\\/shutterstock_139978996.jpg\",\"contentUrl\":\"https:\\\/\\\/www.tecnofil.net\\\/wp-content\\\/uploads\\\/2023\\\/03\\\/shutterstock_139978996.jpg\",\"width\":1920,\"height\":1275},{\"@type\":\"BreadcrumbList\",\"@id\":\"https:\\\/\\\/www.tecnofil.net\\\/es\\\/alambre-para-cerco\\\/#breadcrumb\",\"itemListElement\":[{\"@type\":\"ListItem\",\"position\":1,\"name\":\"Home\",\"item\":\"https:\\\/\\\/www.tecnofil.net\\\/es\\\/\"},{\"@type\":\"ListItem\",\"position\":2,\"name\":\"Elaboraci\u00f3n de alambre para cerco\"}]},{\"@type\":\"WebSite\",\"@id\":\"https:\\\/\\\/www.tecnofil.net\\\/es\\\/#website\",\"url\":\"https:\\\/\\\/www.tecnofil.net\\\/es\\\/\",\"name\":\"Tecnofil\",\"description\":\"bizonweb\",\"potentialAction\":[{\"@type\":\"SearchAction\",\"target\":{\"@type\":\"EntryPoint\",\"urlTemplate\":\"https:\\\/\\\/www.tecnofil.net\\\/es\\\/?s={search_term_string}\"},\"query-input\":{\"@type\":\"PropertyValueSpecification\",\"valueRequired\":true,\"valueName\":\"search_term_string\"}}],\"inLanguage\":\"es\"}]}<\/script>\n<!-- \/ Yoast SEO plugin. -->","yoast_head_json":{"title":"Los principales sectores para alambre para cerco -Tecnofil","description":"Tecnofil es l\u00edder en Europa en la elaboraci\u00f3n de alambre para cerco desde mallas electrosoldadas hasta gaviones, las redes para ganader\u00eda y las mallas onduladas","robots":{"index":"index","follow":"follow","max-snippet":"max-snippet:-1","max-image-preview":"max-image-preview:large","max-video-preview":"max-video-preview:-1"},"canonical":"https:\/\/www.tecnofil.net\/es\/alambre-para-cerco\/","og_locale":"es_ES","og_type":"article","og_title":"Los principales sectores para alambre para cerco -Tecnofil","og_description":"Tecnofil es l\u00edder en Europa en la elaboraci\u00f3n de alambre para cerco desde mallas electrosoldadas hasta gaviones, las redes para ganader\u00eda y las mallas onduladas","og_url":"https:\/\/www.tecnofil.net\/es\/alambre-para-cerco\/","og_site_name":"Tecnofil","article_modified_time":"2023-09-01T09:44:12+00:00","og_image":[{"width":1920,"height":1275,"url":"https:\/\/www.tecnofil.net\/wp-content\/uploads\/2023\/03\/shutterstock_139978996.jpg","type":"image\/jpeg"}],"twitter_card":"summary_large_image","schema":{"@context":"https:\/\/schema.org","@graph":[{"@type":"WebPage","@id":"https:\/\/www.tecnofil.net\/es\/alambre-para-cerco\/","url":"https:\/\/www.tecnofil.net\/es\/alambre-para-cerco\/","name":"Los principales sectores para alambre para cerco -Tecnofil","isPartOf":{"@id":"https:\/\/www.tecnofil.net\/es\/#website"},"primaryImageOfPage":{"@id":"https:\/\/www.tecnofil.net\/es\/alambre-para-cerco\/#primaryimage"},"image":{"@id":"https:\/\/www.tecnofil.net\/es\/alambre-para-cerco\/#primaryimage"},"thumbnailUrl":"https:\/\/www.tecnofil.net\/wp-content\/uploads\/2023\/03\/shutterstock_139978996.jpg","datePublished":"2023-03-24T10:53:56+00:00","dateModified":"2023-09-01T09:44:12+00:00","description":"Tecnofil es l\u00edder en Europa en la elaboraci\u00f3n de alambre para cerco desde mallas electrosoldadas hasta gaviones, las redes para ganader\u00eda y las mallas onduladas","breadcrumb":{"@id":"https:\/\/www.tecnofil.net\/es\/alambre-para-cerco\/#breadcrumb"},"inLanguage":"es","potentialAction":[{"@type":"ReadAction","target":["https:\/\/www.tecnofil.net\/es\/alambre-para-cerco\/"]}]},{"@type":"ImageObject","inLanguage":"es","@id":"https:\/\/www.tecnofil.net\/es\/alambre-para-cerco\/#primaryimage","url":"https:\/\/www.tecnofil.net\/wp-content\/uploads\/2023\/03\/shutterstock_139978996.jpg","contentUrl":"https:\/\/www.tecnofil.net\/wp-content\/uploads\/2023\/03\/shutterstock_139978996.jpg","width":1920,"height":1275},{"@type":"BreadcrumbList","@id":"https:\/\/www.tecnofil.net\/es\/alambre-para-cerco\/#breadcrumb","itemListElement":[{"@type":"ListItem","position":1,"name":"Home","item":"https:\/\/www.tecnofil.net\/es\/"},{"@type":"ListItem","position":2,"name":"Elaboraci\u00f3n de alambre para cerco"}]},{"@type":"WebSite","@id":"https:\/\/www.tecnofil.net\/es\/#website","url":"https:\/\/www.tecnofil.net\/es\/","name":"Tecnofil","description":"bizonweb","potentialAction":[{"@type":"SearchAction","target":{"@type":"EntryPoint","urlTemplate":"https:\/\/www.tecnofil.net\/es\/?s={search_term_string}"},"query-input":{"@type":"PropertyValueSpecification","valueRequired":true,"valueName":"search_term_string"}}],"inLanguage":"es"}]}},"_links":{"self":[{"href":"https:\/\/www.tecnofil.net\/es\/wp-json\/wp\/v2\/pages\/1612","targetHints":{"allow":["GET"]}}],"collection":[{"href":"https:\/\/www.tecnofil.net\/es\/wp-json\/wp\/v2\/pages"}],"about":[{"href":"https:\/\/www.tecnofil.net\/es\/wp-json\/wp\/v2\/types\/page"}],"author":[{"embeddable":true,"href":"https:\/\/www.tecnofil.net\/es\/wp-json\/wp\/v2\/users\/1"}],"replies":[{"embeddable":true,"href":"https:\/\/www.tecnofil.net\/es\/wp-json\/wp\/v2\/comments?post=1612"}],"version-history":[{"count":4,"href":"https:\/\/www.tecnofil.net\/es\/wp-json\/wp\/v2\/pages\/1612\/revisions"}],"predecessor-version":[{"id":2624,"href":"https:\/\/www.tecnofil.net\/es\/wp-json\/wp\/v2\/pages\/1612\/revisions\/2624"}],"acf:post":[{"embeddable":true,"href":"https:\/\/www.tecnofil.net\/es\/wp-json\/wp\/v2\/impiego\/1328"},{"embeddable":true,"href":"https:\/\/www.tecnofil.net\/es\/wp-json\/wp\/v2\/impiego\/1342"},{"embeddable":true,"href":"https:\/\/www.tecnofil.net\/es\/wp-json\/wp\/v2\/impiego\/1490"},{"embeddable":true,"href":"https:\/\/www.tecnofil.net\/es\/wp-json\/wp\/v2\/impiego\/1281"},{"embeddable":true,"href":"https:\/\/www.tecnofil.net\/es\/wp-json\/wp\/v2\/impiego\/1335"},{"embeddable":true,"href":"https:\/\/www.tecnofil.net\/es\/wp-json\/wp\/v2\/impiego\/1551"},{"embeddable":true,"href":"https:\/\/www.tecnofil.net\/es\/wp-json\/wp\/v2\/impiego\/1265"},{"embeddable":true,"href":"https:\/\/www.tecnofil.net\/es\/wp-json\/wp\/v2\/impiego\/1372"},{"embeddable":true,"href":"https:\/\/www.tecnofil.net\/es\/wp-json\/wp\/v2\/impiego\/1258"},{"embeddable":true,"href":"https:\/\/www.tecnofil.net\/es\/wp-json\/wp\/v2\/impiego\/1252"},{"embeddable":true,"href":"https:\/\/www.tecnofil.net\/es\/wp-json\/wp\/v2\/impiego\/1244"},{"embeddable":true,"href":"https:\/\/www.tecnofil.net\/es\/wp-json\/wp\/v2\/banner\/1637"}],"wp:featuredmedia":[{"embeddable":true,"href":"https:\/\/www.tecnofil.net\/es\/wp-json\/wp\/v2\/media\/485"}],"wp:attachment":[{"href":"https:\/\/www.tecnofil.net\/es\/wp-json\/wp\/v2\/media?parent=1612"}],"curies":[{"name":"wp","href":"https:\/\/api.w.org\/{rel}","templated":true}]}}