{"id":1599,"date":"2023-03-24T11:53:56","date_gmt":"2023-03-24T10:53:56","guid":{"rendered":"https:\/\/www.tecnofil.net\/filo-per-minuterie-metalliche\/"},"modified":"2023-09-01T10:43:00","modified_gmt":"2023-09-01T09:43:00","slug":"alambre-para-piezas-metalicas","status":"publish","type":"page","link":"https:\/\/www.tecnofil.net\/es\/alambre-para-piezas-metalicas\/","title":{"rendered":"Alambre para quincaller\u00eda y alambre para piezas de metales"},"content":{"rendered":"","protected":false},"excerpt":{"rendered":"","protected":false},"author":1,"featured_media":489,"parent":0,"menu_order":9,"comment_status":"closed","ping_status":"closed","template":"template-single-impiego.php","meta":{"_acf_changed":false,"footnotes":""},"class_list":["post-1599","page","type-page","status-publish","has-post-thumbnail","hentry"],"acf":{"associazione_banner":1637,"associazione_impieghi":[1378,1385,1392,1272,1505,1310,1399,1406,1413,1422,1430,1438,1447],"anchor":"Alambre para carpinter\u00eda met\u00e1lica","titolo":"Alambre para quincaller\u00eda y alambre para piezas de metales","sottotitolo":"Los principales usos del alambre para piezas met\u00e1licas y para quincaller\u00eda"},"yoast_head":"<!-- This site is optimized with the Yoast SEO plugin v27.3 - https:\/\/yoast.com\/product\/yoast-seo-wordpress\/ -->\n<title>Alambre para quincaller\u00eda y alambre para piezas met\u00e1licas<\/title>\n<meta name=\"description\" content=\"Elaboraci\u00f3n de alambres para piezas de metales para quincaller\u00eda y alambre para piezas met\u00e1licas de alta calidad\" \/>\n<meta name=\"robots\" content=\"index, follow, max-snippet:-1, max-image-preview:large, max-video-preview:-1\" \/>\n<link rel=\"canonical\" href=\"https:\/\/www.tecnofil.net\/es\/alambre-para-piezas-metalicas\/\" \/>\n<meta property=\"og:locale\" content=\"es_ES\" \/>\n<meta property=\"og:type\" content=\"article\" \/>\n<meta property=\"og:title\" content=\"Alambre para quincaller\u00eda y alambre para piezas met\u00e1licas\" \/>\n<meta property=\"og:description\" content=\"Elaboraci\u00f3n de alambres para piezas de metales para quincaller\u00eda y alambre para piezas met\u00e1licas de alta calidad\" \/>\n<meta property=\"og:url\" content=\"https:\/\/www.tecnofil.net\/es\/alambre-para-piezas-metalicas\/\" \/>\n<meta property=\"og:site_name\" content=\"Tecnofil\" \/>\n<meta property=\"article:modified_time\" content=\"2023-09-01T09:43:00+00:00\" \/>\n<meta property=\"og:image\" content=\"https:\/\/www.tecnofil.net\/wp-content\/uploads\/2023\/03\/shutterstock_86810935.jpg\" \/>\n\t<meta property=\"og:image:width\" content=\"1920\" \/>\n\t<meta property=\"og:image:height\" content=\"1308\" \/>\n\t<meta property=\"og:image:type\" content=\"image\/jpeg\" \/>\n<meta name=\"twitter:card\" content=\"summary_large_image\" \/>\n<script type=\"application\/ld+json\" class=\"yoast-schema-graph\">{\"@context\":\"https:\\\/\\\/schema.org\",\"@graph\":[{\"@type\":\"WebPage\",\"@id\":\"https:\\\/\\\/www.tecnofil.net\\\/es\\\/alambre-para-piezas-metalicas\\\/\",\"url\":\"https:\\\/\\\/www.tecnofil.net\\\/es\\\/alambre-para-piezas-metalicas\\\/\",\"name\":\"Alambre para quincaller\u00eda y alambre para piezas met\u00e1licas\",\"isPartOf\":{\"@id\":\"https:\\\/\\\/www.tecnofil.net\\\/es\\\/#website\"},\"primaryImageOfPage\":{\"@id\":\"https:\\\/\\\/www.tecnofil.net\\\/es\\\/alambre-para-piezas-metalicas\\\/#primaryimage\"},\"image\":{\"@id\":\"https:\\\/\\\/www.tecnofil.net\\\/es\\\/alambre-para-piezas-metalicas\\\/#primaryimage\"},\"thumbnailUrl\":\"https:\\\/\\\/www.tecnofil.net\\\/wp-content\\\/uploads\\\/2023\\\/03\\\/shutterstock_86810935.jpg\",\"datePublished\":\"2023-03-24T10:53:56+00:00\",\"dateModified\":\"2023-09-01T09:43:00+00:00\",\"description\":\"Elaboraci\u00f3n de alambres para piezas de metales para quincaller\u00eda y alambre para piezas met\u00e1licas de alta calidad\",\"breadcrumb\":{\"@id\":\"https:\\\/\\\/www.tecnofil.net\\\/es\\\/alambre-para-piezas-metalicas\\\/#breadcrumb\"},\"inLanguage\":\"es\",\"potentialAction\":[{\"@type\":\"ReadAction\",\"target\":[\"https:\\\/\\\/www.tecnofil.net\\\/es\\\/alambre-para-piezas-metalicas\\\/\"]}]},{\"@type\":\"ImageObject\",\"inLanguage\":\"es\",\"@id\":\"https:\\\/\\\/www.tecnofil.net\\\/es\\\/alambre-para-piezas-metalicas\\\/#primaryimage\",\"url\":\"https:\\\/\\\/www.tecnofil.net\\\/wp-content\\\/uploads\\\/2023\\\/03\\\/shutterstock_86810935.jpg\",\"contentUrl\":\"https:\\\/\\\/www.tecnofil.net\\\/wp-content\\\/uploads\\\/2023\\\/03\\\/shutterstock_86810935.jpg\",\"width\":1920,\"height\":1308,\"caption\":\"fil-pour-quincailleries-metalliques\"},{\"@type\":\"BreadcrumbList\",\"@id\":\"https:\\\/\\\/www.tecnofil.net\\\/es\\\/alambre-para-piezas-metalicas\\\/#breadcrumb\",\"itemListElement\":[{\"@type\":\"ListItem\",\"position\":1,\"name\":\"Home\",\"item\":\"https:\\\/\\\/www.tecnofil.net\\\/es\\\/\"},{\"@type\":\"ListItem\",\"position\":2,\"name\":\"Alambre para quincaller\u00eda y alambre para piezas de metales\"}]},{\"@type\":\"WebSite\",\"@id\":\"https:\\\/\\\/www.tecnofil.net\\\/es\\\/#website\",\"url\":\"https:\\\/\\\/www.tecnofil.net\\\/es\\\/\",\"name\":\"Tecnofil\",\"description\":\"bizonweb\",\"potentialAction\":[{\"@type\":\"SearchAction\",\"target\":{\"@type\":\"EntryPoint\",\"urlTemplate\":\"https:\\\/\\\/www.tecnofil.net\\\/es\\\/?s={search_term_string}\"},\"query-input\":{\"@type\":\"PropertyValueSpecification\",\"valueRequired\":true,\"valueName\":\"search_term_string\"}}],\"inLanguage\":\"es\"}]}<\/script>\n<!-- \/ Yoast SEO plugin. -->","yoast_head_json":{"title":"Alambre para quincaller\u00eda y alambre para piezas met\u00e1licas","description":"Elaboraci\u00f3n de alambres para piezas de metales para quincaller\u00eda y alambre para piezas met\u00e1licas de alta calidad","robots":{"index":"index","follow":"follow","max-snippet":"max-snippet:-1","max-image-preview":"max-image-preview:large","max-video-preview":"max-video-preview:-1"},"canonical":"https:\/\/www.tecnofil.net\/es\/alambre-para-piezas-metalicas\/","og_locale":"es_ES","og_type":"article","og_title":"Alambre para quincaller\u00eda y alambre para piezas met\u00e1licas","og_description":"Elaboraci\u00f3n de alambres para piezas de metales para quincaller\u00eda y alambre para piezas met\u00e1licas de alta calidad","og_url":"https:\/\/www.tecnofil.net\/es\/alambre-para-piezas-metalicas\/","og_site_name":"Tecnofil","article_modified_time":"2023-09-01T09:43:00+00:00","og_image":[{"width":1920,"height":1308,"url":"https:\/\/www.tecnofil.net\/wp-content\/uploads\/2023\/03\/shutterstock_86810935.jpg","type":"image\/jpeg"}],"twitter_card":"summary_large_image","schema":{"@context":"https:\/\/schema.org","@graph":[{"@type":"WebPage","@id":"https:\/\/www.tecnofil.net\/es\/alambre-para-piezas-metalicas\/","url":"https:\/\/www.tecnofil.net\/es\/alambre-para-piezas-metalicas\/","name":"Alambre para quincaller\u00eda y alambre para piezas met\u00e1licas","isPartOf":{"@id":"https:\/\/www.tecnofil.net\/es\/#website"},"primaryImageOfPage":{"@id":"https:\/\/www.tecnofil.net\/es\/alambre-para-piezas-metalicas\/#primaryimage"},"image":{"@id":"https:\/\/www.tecnofil.net\/es\/alambre-para-piezas-metalicas\/#primaryimage"},"thumbnailUrl":"https:\/\/www.tecnofil.net\/wp-content\/uploads\/2023\/03\/shutterstock_86810935.jpg","datePublished":"2023-03-24T10:53:56+00:00","dateModified":"2023-09-01T09:43:00+00:00","description":"Elaboraci\u00f3n de alambres para piezas de metales para quincaller\u00eda y alambre para piezas met\u00e1licas de alta calidad","breadcrumb":{"@id":"https:\/\/www.tecnofil.net\/es\/alambre-para-piezas-metalicas\/#breadcrumb"},"inLanguage":"es","potentialAction":[{"@type":"ReadAction","target":["https:\/\/www.tecnofil.net\/es\/alambre-para-piezas-metalicas\/"]}]},{"@type":"ImageObject","inLanguage":"es","@id":"https:\/\/www.tecnofil.net\/es\/alambre-para-piezas-metalicas\/#primaryimage","url":"https:\/\/www.tecnofil.net\/wp-content\/uploads\/2023\/03\/shutterstock_86810935.jpg","contentUrl":"https:\/\/www.tecnofil.net\/wp-content\/uploads\/2023\/03\/shutterstock_86810935.jpg","width":1920,"height":1308,"caption":"fil-pour-quincailleries-metalliques"},{"@type":"BreadcrumbList","@id":"https:\/\/www.tecnofil.net\/es\/alambre-para-piezas-metalicas\/#breadcrumb","itemListElement":[{"@type":"ListItem","position":1,"name":"Home","item":"https:\/\/www.tecnofil.net\/es\/"},{"@type":"ListItem","position":2,"name":"Alambre para quincaller\u00eda y alambre para piezas de metales"}]},{"@type":"WebSite","@id":"https:\/\/www.tecnofil.net\/es\/#website","url":"https:\/\/www.tecnofil.net\/es\/","name":"Tecnofil","description":"bizonweb","potentialAction":[{"@type":"SearchAction","target":{"@type":"EntryPoint","urlTemplate":"https:\/\/www.tecnofil.net\/es\/?s={search_term_string}"},"query-input":{"@type":"PropertyValueSpecification","valueRequired":true,"valueName":"search_term_string"}}],"inLanguage":"es"}]}},"_links":{"self":[{"href":"https:\/\/www.tecnofil.net\/es\/wp-json\/wp\/v2\/pages\/1599","targetHints":{"allow":["GET"]}}],"collection":[{"href":"https:\/\/www.tecnofil.net\/es\/wp-json\/wp\/v2\/pages"}],"about":[{"href":"https:\/\/www.tecnofil.net\/es\/wp-json\/wp\/v2\/types\/page"}],"author":[{"embeddable":true,"href":"https:\/\/www.tecnofil.net\/es\/wp-json\/wp\/v2\/users\/1"}],"replies":[{"embeddable":true,"href":"https:\/\/www.tecnofil.net\/es\/wp-json\/wp\/v2\/comments?post=1599"}],"version-history":[{"count":6,"href":"https:\/\/www.tecnofil.net\/es\/wp-json\/wp\/v2\/pages\/1599\/revisions"}],"predecessor-version":[{"id":2623,"href":"https:\/\/www.tecnofil.net\/es\/wp-json\/wp\/v2\/pages\/1599\/revisions\/2623"}],"acf:post":[{"embeddable":true,"href":"https:\/\/www.tecnofil.net\/es\/wp-json\/wp\/v2\/impiego\/1447"},{"embeddable":true,"href":"https:\/\/www.tecnofil.net\/es\/wp-json\/wp\/v2\/impiego\/1438"},{"embeddable":true,"href":"https:\/\/www.tecnofil.net\/es\/wp-json\/wp\/v2\/impiego\/1430"},{"embeddable":true,"href":"https:\/\/www.tecnofil.net\/es\/wp-json\/wp\/v2\/impiego\/1422"},{"embeddable":true,"href":"https:\/\/www.tecnofil.net\/es\/wp-json\/wp\/v2\/impiego\/1413"},{"embeddable":true,"href":"https:\/\/www.tecnofil.net\/es\/wp-json\/wp\/v2\/impiego\/1406"},{"embeddable":true,"href":"https:\/\/www.tecnofil.net\/es\/wp-json\/wp\/v2\/impiego\/1399"},{"embeddable":true,"href":"https:\/\/www.tecnofil.net\/es\/wp-json\/wp\/v2\/impiego\/1310"},{"embeddable":true,"href":"https:\/\/www.tecnofil.net\/es\/wp-json\/wp\/v2\/impiego\/1505"},{"embeddable":true,"href":"https:\/\/www.tecnofil.net\/es\/wp-json\/wp\/v2\/impiego\/1272"},{"embeddable":true,"href":"https:\/\/www.tecnofil.net\/es\/wp-json\/wp\/v2\/impiego\/1392"},{"embeddable":true,"href":"https:\/\/www.tecnofil.net\/es\/wp-json\/wp\/v2\/impiego\/1385"},{"embeddable":true,"href":"https:\/\/www.tecnofil.net\/es\/wp-json\/wp\/v2\/impiego\/1378"},{"embeddable":true,"href":"https:\/\/www.tecnofil.net\/es\/wp-json\/wp\/v2\/banner\/1637"}],"wp:featuredmedia":[{"embeddable":true,"href":"https:\/\/www.tecnofil.net\/es\/wp-json\/wp\/v2\/media\/489"}],"wp:attachment":[{"href":"https:\/\/www.tecnofil.net\/es\/wp-json\/wp\/v2\/media?parent=1599"}],"curies":[{"name":"wp","href":"https:\/\/api.w.org\/{rel}","templated":true}]}}