{"id":1559,"date":"2023-03-24T11:53:56","date_gmt":"2023-03-24T10:53:56","guid":{"rendered":"https:\/\/www.tecnofil.net\/filo-di-ferro-per-costruzioni\/"},"modified":"2023-09-01T10:37:08","modified_gmt":"2023-09-01T09:37:08","slug":"alambre-para-construccion","status":"publish","type":"page","link":"https:\/\/www.tecnofil.net\/es\/alambre-para-construccion\/","title":{"rendered":"Alambre para construcci\u00f3n"},"content":{"rendered":"","protected":false},"excerpt":{"rendered":"","protected":false},"author":1,"featured_media":481,"parent":0,"menu_order":6,"comment_status":"closed","ping_status":"closed","template":"template-single-impiego.php","meta":{"_acf_changed":false,"footnotes":""},"class_list":["post-1559","page","type-page","status-publish","has-post-thumbnail","hentry"],"acf":{"associazione_banner":1637,"associazione_impieghi":[1244,1252,1258,1265,1272,1281,1288,1296,1304,1310,1318,1328],"anchor":"Alambre para la construcci\u00f3n","titolo":"Alambre para construcci\u00f3n","sottotitolo":"Los principales usos en obra del alambre para construcci\u00f3n"},"yoast_head":"<!-- This site is optimized with the Yoast SEO plugin v27.3 - https:\/\/yoast.com\/product\/yoast-seo-wordpress\/ -->\n<title>Los principales usos del alambre para construcci\u00f3n -Tecnofil<\/title>\n<meta name=\"description\" content=\"Tecnofil elabora numerosos tipos de alambre para construcci\u00f3n Con m\u00e1s de 20 a\u00f1os de experiencia en la elaboraci\u00f3n de alambre de construcci\u00f3n\" \/>\n<meta name=\"robots\" content=\"index, follow, max-snippet:-1, max-image-preview:large, max-video-preview:-1\" \/>\n<link rel=\"canonical\" href=\"https:\/\/www.tecnofil.net\/es\/alambre-para-construccion\/\" \/>\n<meta property=\"og:locale\" content=\"es_ES\" \/>\n<meta property=\"og:type\" content=\"article\" \/>\n<meta property=\"og:title\" content=\"Los principales usos del alambre para construcci\u00f3n -Tecnofil\" \/>\n<meta property=\"og:description\" content=\"Tecnofil elabora numerosos tipos de alambre para construcci\u00f3n Con m\u00e1s de 20 a\u00f1os de experiencia en la elaboraci\u00f3n de alambre de construcci\u00f3n\" \/>\n<meta property=\"og:url\" content=\"https:\/\/www.tecnofil.net\/es\/alambre-para-construccion\/\" \/>\n<meta property=\"og:site_name\" content=\"Tecnofil\" \/>\n<meta property=\"article:modified_time\" content=\"2023-09-01T09:37:08+00:00\" \/>\n<meta property=\"og:image\" content=\"https:\/\/www.tecnofil.net\/wp-content\/uploads\/2023\/03\/iStock-524722862.jpg\" \/>\n\t<meta property=\"og:image:width\" content=\"1920\" \/>\n\t<meta property=\"og:image:height\" content=\"1280\" \/>\n\t<meta property=\"og:image:type\" content=\"image\/jpeg\" \/>\n<meta name=\"twitter:card\" content=\"summary_large_image\" \/>\n<script type=\"application\/ld+json\" class=\"yoast-schema-graph\">{\"@context\":\"https:\\\/\\\/schema.org\",\"@graph\":[{\"@type\":\"WebPage\",\"@id\":\"https:\\\/\\\/www.tecnofil.net\\\/es\\\/alambre-para-construccion\\\/\",\"url\":\"https:\\\/\\\/www.tecnofil.net\\\/es\\\/alambre-para-construccion\\\/\",\"name\":\"Los principales usos del alambre para construcci\u00f3n -Tecnofil\",\"isPartOf\":{\"@id\":\"https:\\\/\\\/www.tecnofil.net\\\/es\\\/#website\"},\"primaryImageOfPage\":{\"@id\":\"https:\\\/\\\/www.tecnofil.net\\\/es\\\/alambre-para-construccion\\\/#primaryimage\"},\"image\":{\"@id\":\"https:\\\/\\\/www.tecnofil.net\\\/es\\\/alambre-para-construccion\\\/#primaryimage\"},\"thumbnailUrl\":\"https:\\\/\\\/www.tecnofil.net\\\/wp-content\\\/uploads\\\/2023\\\/03\\\/iStock-524722862.jpg\",\"datePublished\":\"2023-03-24T10:53:56+00:00\",\"dateModified\":\"2023-09-01T09:37:08+00:00\",\"description\":\"Tecnofil elabora numerosos tipos de alambre para construcci\u00f3n Con m\u00e1s de 20 a\u00f1os de experiencia en la elaboraci\u00f3n de alambre de construcci\u00f3n\",\"breadcrumb\":{\"@id\":\"https:\\\/\\\/www.tecnofil.net\\\/es\\\/alambre-para-construccion\\\/#breadcrumb\"},\"inLanguage\":\"es\",\"potentialAction\":[{\"@type\":\"ReadAction\",\"target\":[\"https:\\\/\\\/www.tecnofil.net\\\/es\\\/alambre-para-construccion\\\/\"]}]},{\"@type\":\"ImageObject\",\"inLanguage\":\"es\",\"@id\":\"https:\\\/\\\/www.tecnofil.net\\\/es\\\/alambre-para-construccion\\\/#primaryimage\",\"url\":\"https:\\\/\\\/www.tecnofil.net\\\/wp-content\\\/uploads\\\/2023\\\/03\\\/iStock-524722862.jpg\",\"contentUrl\":\"https:\\\/\\\/www.tecnofil.net\\\/wp-content\\\/uploads\\\/2023\\\/03\\\/iStock-524722862.jpg\",\"width\":1920,\"height\":1280,\"caption\":\"Cropped, close-up of a fluffy, wet paint roller is hanging over the side of a paint bucket so paint drips into the bucket instead of all over the floor.\"},{\"@type\":\"BreadcrumbList\",\"@id\":\"https:\\\/\\\/www.tecnofil.net\\\/es\\\/alambre-para-construccion\\\/#breadcrumb\",\"itemListElement\":[{\"@type\":\"ListItem\",\"position\":1,\"name\":\"Home\",\"item\":\"https:\\\/\\\/www.tecnofil.net\\\/es\\\/\"},{\"@type\":\"ListItem\",\"position\":2,\"name\":\"Alambre para construcci\u00f3n\"}]},{\"@type\":\"WebSite\",\"@id\":\"https:\\\/\\\/www.tecnofil.net\\\/es\\\/#website\",\"url\":\"https:\\\/\\\/www.tecnofil.net\\\/es\\\/\",\"name\":\"Tecnofil\",\"description\":\"bizonweb\",\"potentialAction\":[{\"@type\":\"SearchAction\",\"target\":{\"@type\":\"EntryPoint\",\"urlTemplate\":\"https:\\\/\\\/www.tecnofil.net\\\/es\\\/?s={search_term_string}\"},\"query-input\":{\"@type\":\"PropertyValueSpecification\",\"valueRequired\":true,\"valueName\":\"search_term_string\"}}],\"inLanguage\":\"es\"}]}<\/script>\n<!-- \/ Yoast SEO plugin. -->","yoast_head_json":{"title":"Los principales usos del alambre para construcci\u00f3n -Tecnofil","description":"Tecnofil elabora numerosos tipos de alambre para construcci\u00f3n Con m\u00e1s de 20 a\u00f1os de experiencia en la elaboraci\u00f3n de alambre de construcci\u00f3n","robots":{"index":"index","follow":"follow","max-snippet":"max-snippet:-1","max-image-preview":"max-image-preview:large","max-video-preview":"max-video-preview:-1"},"canonical":"https:\/\/www.tecnofil.net\/es\/alambre-para-construccion\/","og_locale":"es_ES","og_type":"article","og_title":"Los principales usos del alambre para construcci\u00f3n -Tecnofil","og_description":"Tecnofil elabora numerosos tipos de alambre para construcci\u00f3n Con m\u00e1s de 20 a\u00f1os de experiencia en la elaboraci\u00f3n de alambre de construcci\u00f3n","og_url":"https:\/\/www.tecnofil.net\/es\/alambre-para-construccion\/","og_site_name":"Tecnofil","article_modified_time":"2023-09-01T09:37:08+00:00","og_image":[{"width":1920,"height":1280,"url":"https:\/\/www.tecnofil.net\/wp-content\/uploads\/2023\/03\/iStock-524722862.jpg","type":"image\/jpeg"}],"twitter_card":"summary_large_image","schema":{"@context":"https:\/\/schema.org","@graph":[{"@type":"WebPage","@id":"https:\/\/www.tecnofil.net\/es\/alambre-para-construccion\/","url":"https:\/\/www.tecnofil.net\/es\/alambre-para-construccion\/","name":"Los principales usos del alambre para construcci\u00f3n -Tecnofil","isPartOf":{"@id":"https:\/\/www.tecnofil.net\/es\/#website"},"primaryImageOfPage":{"@id":"https:\/\/www.tecnofil.net\/es\/alambre-para-construccion\/#primaryimage"},"image":{"@id":"https:\/\/www.tecnofil.net\/es\/alambre-para-construccion\/#primaryimage"},"thumbnailUrl":"https:\/\/www.tecnofil.net\/wp-content\/uploads\/2023\/03\/iStock-524722862.jpg","datePublished":"2023-03-24T10:53:56+00:00","dateModified":"2023-09-01T09:37:08+00:00","description":"Tecnofil elabora numerosos tipos de alambre para construcci\u00f3n Con m\u00e1s de 20 a\u00f1os de experiencia en la elaboraci\u00f3n de alambre de construcci\u00f3n","breadcrumb":{"@id":"https:\/\/www.tecnofil.net\/es\/alambre-para-construccion\/#breadcrumb"},"inLanguage":"es","potentialAction":[{"@type":"ReadAction","target":["https:\/\/www.tecnofil.net\/es\/alambre-para-construccion\/"]}]},{"@type":"ImageObject","inLanguage":"es","@id":"https:\/\/www.tecnofil.net\/es\/alambre-para-construccion\/#primaryimage","url":"https:\/\/www.tecnofil.net\/wp-content\/uploads\/2023\/03\/iStock-524722862.jpg","contentUrl":"https:\/\/www.tecnofil.net\/wp-content\/uploads\/2023\/03\/iStock-524722862.jpg","width":1920,"height":1280,"caption":"Cropped, close-up of a fluffy, wet paint roller is hanging over the side of a paint bucket so paint drips into the bucket instead of all over the floor."},{"@type":"BreadcrumbList","@id":"https:\/\/www.tecnofil.net\/es\/alambre-para-construccion\/#breadcrumb","itemListElement":[{"@type":"ListItem","position":1,"name":"Home","item":"https:\/\/www.tecnofil.net\/es\/"},{"@type":"ListItem","position":2,"name":"Alambre para construcci\u00f3n"}]},{"@type":"WebSite","@id":"https:\/\/www.tecnofil.net\/es\/#website","url":"https:\/\/www.tecnofil.net\/es\/","name":"Tecnofil","description":"bizonweb","potentialAction":[{"@type":"SearchAction","target":{"@type":"EntryPoint","urlTemplate":"https:\/\/www.tecnofil.net\/es\/?s={search_term_string}"},"query-input":{"@type":"PropertyValueSpecification","valueRequired":true,"valueName":"search_term_string"}}],"inLanguage":"es"}]}},"_links":{"self":[{"href":"https:\/\/www.tecnofil.net\/es\/wp-json\/wp\/v2\/pages\/1559","targetHints":{"allow":["GET"]}}],"collection":[{"href":"https:\/\/www.tecnofil.net\/es\/wp-json\/wp\/v2\/pages"}],"about":[{"href":"https:\/\/www.tecnofil.net\/es\/wp-json\/wp\/v2\/types\/page"}],"author":[{"embeddable":true,"href":"https:\/\/www.tecnofil.net\/es\/wp-json\/wp\/v2\/users\/1"}],"replies":[{"embeddable":true,"href":"https:\/\/www.tecnofil.net\/es\/wp-json\/wp\/v2\/comments?post=1559"}],"version-history":[{"count":6,"href":"https:\/\/www.tecnofil.net\/es\/wp-json\/wp\/v2\/pages\/1559\/revisions"}],"predecessor-version":[{"id":2619,"href":"https:\/\/www.tecnofil.net\/es\/wp-json\/wp\/v2\/pages\/1559\/revisions\/2619"}],"acf:post":[{"embeddable":true,"href":"https:\/\/www.tecnofil.net\/es\/wp-json\/wp\/v2\/impiego\/1328"},{"embeddable":true,"href":"https:\/\/www.tecnofil.net\/es\/wp-json\/wp\/v2\/impiego\/1318"},{"embeddable":true,"href":"https:\/\/www.tecnofil.net\/es\/wp-json\/wp\/v2\/impiego\/1310"},{"embeddable":true,"href":"https:\/\/www.tecnofil.net\/es\/wp-json\/wp\/v2\/impiego\/1304"},{"embeddable":true,"href":"https:\/\/www.tecnofil.net\/es\/wp-json\/wp\/v2\/impiego\/1296"},{"embeddable":true,"href":"https:\/\/www.tecnofil.net\/es\/wp-json\/wp\/v2\/impiego\/1288"},{"embeddable":true,"href":"https:\/\/www.tecnofil.net\/es\/wp-json\/wp\/v2\/impiego\/1281"},{"embeddable":true,"href":"https:\/\/www.tecnofil.net\/es\/wp-json\/wp\/v2\/impiego\/1272"},{"embeddable":true,"href":"https:\/\/www.tecnofil.net\/es\/wp-json\/wp\/v2\/impiego\/1265"},{"embeddable":true,"href":"https:\/\/www.tecnofil.net\/es\/wp-json\/wp\/v2\/impiego\/1258"},{"embeddable":true,"href":"https:\/\/www.tecnofil.net\/es\/wp-json\/wp\/v2\/impiego\/1252"},{"embeddable":true,"href":"https:\/\/www.tecnofil.net\/es\/wp-json\/wp\/v2\/impiego\/1244"},{"embeddable":true,"href":"https:\/\/www.tecnofil.net\/es\/wp-json\/wp\/v2\/banner\/1637"}],"wp:featuredmedia":[{"embeddable":true,"href":"https:\/\/www.tecnofil.net\/es\/wp-json\/wp\/v2\/media\/481"}],"wp:attachment":[{"href":"https:\/\/www.tecnofil.net\/es\/wp-json\/wp\/v2\/media?parent=1559"}],"curies":[{"name":"wp","href":"https:\/\/api.w.org\/{rel}","templated":true}]}}