{"id":1781,"date":"2023-03-24T11:38:37","date_gmt":"2023-03-24T10:38:37","guid":{"rendered":"https:\/\/www.tecnofil.net\/tecnofil-s-p-a-i-nostri-contatti\/"},"modified":"2025-05-05T09:02:33","modified_gmt":"2025-05-05T08:02:33","slug":"contacts","status":"publish","type":"page","link":"https:\/\/www.tecnofil.net\/en\/contacts\/","title":{"rendered":"Tecnofil S.r.l. \u2013 Contacts"},"content":{"rendered":"","protected":false},"excerpt":{"rendered":"","protected":false},"author":1,"featured_media":0,"parent":0,"menu_order":14,"comment_status":"closed","ping_status":"closed","template":"template-contatti.php","meta":{"_acf_changed":false,"footnotes":""},"class_list":["post-1781","page","type-page","status-publish","hentry"],"acf":{"anchor":"Contacts","titolo":"","sottotitolo":"Complete the form to get more information soon"},"yoast_head":"<!-- This site is optimized with the Yoast SEO plugin v27.3 - https:\/\/yoast.com\/product\/yoast-seo-wordpress\/ -->\n<title>Contact us for further information on our production<\/title>\n<meta name=\"description\" content=\"Descubre c\u00f3mo contactarnos y pedir informaci\u00f3n su los nuestros hilos met\u00e1licos. \u00a1Tecnofil podr\u00e1 satisfacer todas tus necesidades!\" \/>\n<meta name=\"robots\" content=\"index, follow, max-snippet:-1, max-image-preview:large, max-video-preview:-1\" \/>\n<link rel=\"canonical\" href=\"https:\/\/www.tecnofil.net\/en\/contacts\/\" \/>\n<meta property=\"og:locale\" content=\"en_US\" \/>\n<meta property=\"og:type\" content=\"article\" \/>\n<meta property=\"og:title\" content=\"Contact us for further information on our production\" \/>\n<meta property=\"og:description\" content=\"Descubre c\u00f3mo contactarnos y pedir informaci\u00f3n su los nuestros hilos met\u00e1licos. \u00a1Tecnofil podr\u00e1 satisfacer todas tus necesidades!\" \/>\n<meta property=\"og:url\" content=\"https:\/\/www.tecnofil.net\/en\/contacts\/\" \/>\n<meta property=\"og:site_name\" content=\"Tecnofil\" \/>\n<meta property=\"article:modified_time\" content=\"2025-05-05T08:02:33+00:00\" \/>\n<meta name=\"twitter:card\" content=\"summary_large_image\" \/>\n<meta name=\"twitter:label1\" content=\"Est. reading time\" \/>\n\t<meta name=\"twitter:data1\" content=\"1 minute\" \/>\n<script type=\"application\/ld+json\" class=\"yoast-schema-graph\">{\"@context\":\"https:\\\/\\\/schema.org\",\"@graph\":[{\"@type\":\"WebPage\",\"@id\":\"https:\\\/\\\/www.tecnofil.net\\\/en\\\/contacts\\\/\",\"url\":\"https:\\\/\\\/www.tecnofil.net\\\/en\\\/contacts\\\/\",\"name\":\"Contact us for further information on our production\",\"isPartOf\":{\"@id\":\"https:\\\/\\\/www.tecnofil.net\\\/en\\\/#website\"},\"datePublished\":\"2023-03-24T10:38:37+00:00\",\"dateModified\":\"2025-05-05T08:02:33+00:00\",\"description\":\"Descubre c\u00f3mo contactarnos y pedir informaci\u00f3n su los nuestros hilos met\u00e1licos. \u00a1Tecnofil podr\u00e1 satisfacer todas tus necesidades!\",\"breadcrumb\":{\"@id\":\"https:\\\/\\\/www.tecnofil.net\\\/en\\\/contacts\\\/#breadcrumb\"},\"inLanguage\":\"en-US\",\"potentialAction\":[{\"@type\":\"ReadAction\",\"target\":[\"https:\\\/\\\/www.tecnofil.net\\\/en\\\/contacts\\\/\"]}]},{\"@type\":\"BreadcrumbList\",\"@id\":\"https:\\\/\\\/www.tecnofil.net\\\/en\\\/contacts\\\/#breadcrumb\",\"itemListElement\":[{\"@type\":\"ListItem\",\"position\":1,\"name\":\"Home\",\"item\":\"https:\\\/\\\/www.tecnofil.net\\\/en\\\/\"},{\"@type\":\"ListItem\",\"position\":2,\"name\":\"Tecnofil S.r.l. \u2013 Contacts\"}]},{\"@type\":\"WebSite\",\"@id\":\"https:\\\/\\\/www.tecnofil.net\\\/en\\\/#website\",\"url\":\"https:\\\/\\\/www.tecnofil.net\\\/en\\\/\",\"name\":\"Tecnofil\",\"description\":\"bizonweb\",\"potentialAction\":[{\"@type\":\"SearchAction\",\"target\":{\"@type\":\"EntryPoint\",\"urlTemplate\":\"https:\\\/\\\/www.tecnofil.net\\\/en\\\/?s={search_term_string}\"},\"query-input\":{\"@type\":\"PropertyValueSpecification\",\"valueRequired\":true,\"valueName\":\"search_term_string\"}}],\"inLanguage\":\"en-US\"}]}<\/script>\n<!-- \/ Yoast SEO plugin. -->","yoast_head_json":{"title":"Contact us for further information on our production","description":"Descubre c\u00f3mo contactarnos y pedir informaci\u00f3n su los nuestros hilos met\u00e1licos. \u00a1Tecnofil podr\u00e1 satisfacer todas tus necesidades!","robots":{"index":"index","follow":"follow","max-snippet":"max-snippet:-1","max-image-preview":"max-image-preview:large","max-video-preview":"max-video-preview:-1"},"canonical":"https:\/\/www.tecnofil.net\/en\/contacts\/","og_locale":"en_US","og_type":"article","og_title":"Contact us for further information on our production","og_description":"Descubre c\u00f3mo contactarnos y pedir informaci\u00f3n su los nuestros hilos met\u00e1licos. \u00a1Tecnofil podr\u00e1 satisfacer todas tus necesidades!","og_url":"https:\/\/www.tecnofil.net\/en\/contacts\/","og_site_name":"Tecnofil","article_modified_time":"2025-05-05T08:02:33+00:00","twitter_card":"summary_large_image","twitter_misc":{"Est. reading time":"1 minute"},"schema":{"@context":"https:\/\/schema.org","@graph":[{"@type":"WebPage","@id":"https:\/\/www.tecnofil.net\/en\/contacts\/","url":"https:\/\/www.tecnofil.net\/en\/contacts\/","name":"Contact us for further information on our production","isPartOf":{"@id":"https:\/\/www.tecnofil.net\/en\/#website"},"datePublished":"2023-03-24T10:38:37+00:00","dateModified":"2025-05-05T08:02:33+00:00","description":"Descubre c\u00f3mo contactarnos y pedir informaci\u00f3n su los nuestros hilos met\u00e1licos. \u00a1Tecnofil podr\u00e1 satisfacer todas tus necesidades!","breadcrumb":{"@id":"https:\/\/www.tecnofil.net\/en\/contacts\/#breadcrumb"},"inLanguage":"en-US","potentialAction":[{"@type":"ReadAction","target":["https:\/\/www.tecnofil.net\/en\/contacts\/"]}]},{"@type":"BreadcrumbList","@id":"https:\/\/www.tecnofil.net\/en\/contacts\/#breadcrumb","itemListElement":[{"@type":"ListItem","position":1,"name":"Home","item":"https:\/\/www.tecnofil.net\/en\/"},{"@type":"ListItem","position":2,"name":"Tecnofil S.r.l. \u2013 Contacts"}]},{"@type":"WebSite","@id":"https:\/\/www.tecnofil.net\/en\/#website","url":"https:\/\/www.tecnofil.net\/en\/","name":"Tecnofil","description":"bizonweb","potentialAction":[{"@type":"SearchAction","target":{"@type":"EntryPoint","urlTemplate":"https:\/\/www.tecnofil.net\/en\/?s={search_term_string}"},"query-input":{"@type":"PropertyValueSpecification","valueRequired":true,"valueName":"search_term_string"}}],"inLanguage":"en-US"}]}},"_links":{"self":[{"href":"https:\/\/www.tecnofil.net\/en\/wp-json\/wp\/v2\/pages\/1781","targetHints":{"allow":["GET"]}}],"collection":[{"href":"https:\/\/www.tecnofil.net\/en\/wp-json\/wp\/v2\/pages"}],"about":[{"href":"https:\/\/www.tecnofil.net\/en\/wp-json\/wp\/v2\/types\/page"}],"author":[{"embeddable":true,"href":"https:\/\/www.tecnofil.net\/en\/wp-json\/wp\/v2\/users\/1"}],"replies":[{"embeddable":true,"href":"https:\/\/www.tecnofil.net\/en\/wp-json\/wp\/v2\/comments?post=1781"}],"version-history":[{"count":2,"href":"https:\/\/www.tecnofil.net\/en\/wp-json\/wp\/v2\/pages\/1781\/revisions"}],"predecessor-version":[{"id":3350,"href":"https:\/\/www.tecnofil.net\/en\/wp-json\/wp\/v2\/pages\/1781\/revisions\/3350"}],"wp:attachment":[{"href":"https:\/\/www.tecnofil.net\/en\/wp-json\/wp\/v2\/media?parent=1781"}],"curies":[{"name":"wp","href":"https:\/\/api.w.org\/{rel}","templated":true}]}}